{"id":8370,"date":"2024-06-20T12:27:13","date_gmt":"2024-06-20T10:27:13","guid":{"rendered":"https:\/\/geodora-parfums.com\/produits\/photophore-the-perfumer-in-his-hometown\/"},"modified":"2024-07-11T17:44:29","modified_gmt":"2024-07-11T15:44:29","slug":"photophore-the-perfumer-in-his-hometown","status":"publish","type":"product","link":"https:\/\/geodora-parfums.com\/en\/produits\/photophore-the-perfumer-in-his-hometown\/","title":{"rendered":"Photophore: the perfumer in his hometown"},"content":{"rendered":"<p><span style=\"font-weight: 400;\">This illustration reflects our attachment to Grasse since four generations, showing an 18th-century perfumer in a traditional outfit, surrounded by houses, the cathedral, a piece of leather and a distillation apparatus.<\/span><\/p>\n<p><span style=\"font-weight: 400;\">This illustration is linked to our location in Grasse. It shows the attachment that the family of GEODORA&#8217;s founder has had to this town for four generations. Here, the perfumer is shown in his 18th-century outfit, with the maze of houses in the old town and the cathedral of Grasse on either side. The piece of leather in his hand refers to the town&#8217;s tannery past. The distillation apparatus he wears on his head reminds us of the essential oils produced in the region. The windows of the buildings and the openings of the bottles the perfumer wears are illuminated by little holes made from fireproof paper.<\/span><\/p>\n<p><span style=\"font-weight: 400;\">Fire-resistant paper rated M1.<\/span><\/p>\n<p><span style=\"font-weight: 400; font-size: 10pt;\">Important recommendation: Never leave the candle unattended and always ensure the photophore is not in direct contact with the flame.<\/span><\/p>\n","protected":false},"excerpt":{"rendered":"<p><span style=\"font-weight: 400;\">This illustration reflects our attachment to Grasse since four generations, showing an 18th-century perfumer in a traditional outfit, surrounded by houses, the cathedral, a piece of leather and a distillation apparatus.<\/span><\/p>\n","protected":false},"featured_media":10310,"comment_status":"closed","ping_status":"closed","template":"","meta":{"_acf_changed":false},"product_brand":[],"product_cat":[215,307],"product_tag":[309,308],"class_list":{"0":"post-8370","1":"product","2":"type-product","3":"status-publish","4":"has-post-thumbnail","6":"product_cat-home-fragrances","7":"product_cat-shining-photophores","8":"product_tag-grasse-en","9":"product_tag-photophore-en","11":"first","12":"instock","13":"taxable","14":"shipping-taxable","15":"purchasable","16":"product-type-simple"},"acf":[],"yoast_head":"<!-- This site is optimized with the Yoast SEO plugin v27.3 - https:\/\/yoast.com\/product\/yoast-seo-wordpress\/ -->\n<title>Photophore: the perfumer in his hometown - Geodora<\/title>\n<meta name=\"description\" content=\"Photophore en papier ignifug\u00e9 class\u00e9 M1. La douce lueur du photophore \u00e9voque une atmosph\u00e8re de s\u00e9r\u00e9nit, enveloppant la pi\u00e8ce d&#039;une chaleur apaisante.\" \/>\n<meta name=\"robots\" content=\"index, follow, max-snippet:-1, max-image-preview:large, max-video-preview:-1\" \/>\n<link rel=\"canonical\" href=\"https:\/\/geodora-parfums.com\/en\/produits\/photophore-the-perfumer-in-his-hometown\/\" \/>\n<meta property=\"og:locale\" content=\"en_US\" \/>\n<meta property=\"og:type\" content=\"article\" \/>\n<meta property=\"og:title\" content=\"Photophore: the perfumer in his hometown - Geodora\" \/>\n<meta property=\"og:description\" content=\"Photophore en papier ignifug\u00e9 class\u00e9 M1. La douce lueur du photophore \u00e9voque une atmosph\u00e8re de s\u00e9r\u00e9nit, enveloppant la pi\u00e8ce d&#039;une chaleur apaisante.\" \/>\n<meta property=\"og:url\" content=\"https:\/\/geodora-parfums.com\/en\/produits\/photophore-the-perfumer-in-his-hometown\/\" \/>\n<meta property=\"og:site_name\" content=\"Geodora\" \/>\n<meta property=\"article:modified_time\" content=\"2024-07-11T15:44:29+00:00\" \/>\n<meta property=\"og:image\" content=\"https:\/\/geodora-parfums.com\/wp-content\/uploads\/2024\/06\/13-819x1024.png\" \/>\n\t<meta property=\"og:image:width\" content=\"819\" \/>\n\t<meta property=\"og:image:height\" content=\"1024\" \/>\n\t<meta property=\"og:image:type\" content=\"image\/png\" \/>\n<meta name=\"twitter:card\" content=\"summary_large_image\" \/>\n<meta name=\"twitter:label1\" content=\"Est. reading time\" \/>\n\t<meta name=\"twitter:data1\" content=\"1 minute\" \/>\n<script type=\"application\/ld+json\" class=\"yoast-schema-graph\">{\"@context\":\"https:\\\/\\\/schema.org\",\"@graph\":[{\"@type\":\"WebPage\",\"@id\":\"https:\\\/\\\/geodora-parfums.com\\\/en\\\/produits\\\/photophore-the-perfumer-in-his-hometown\\\/\",\"url\":\"https:\\\/\\\/geodora-parfums.com\\\/en\\\/produits\\\/photophore-the-perfumer-in-his-hometown\\\/\",\"name\":\"Photophore: the perfumer in his hometown - Geodora\",\"isPartOf\":{\"@id\":\"https:\\\/\\\/geodora-parfums.com\\\/en\\\/#website\"},\"primaryImageOfPage\":{\"@id\":\"https:\\\/\\\/geodora-parfums.com\\\/en\\\/produits\\\/photophore-the-perfumer-in-his-hometown\\\/#primaryimage\"},\"image\":{\"@id\":\"https:\\\/\\\/geodora-parfums.com\\\/en\\\/produits\\\/photophore-the-perfumer-in-his-hometown\\\/#primaryimage\"},\"thumbnailUrl\":\"https:\\\/\\\/geodora-parfums.com\\\/wp-content\\\/uploads\\\/2024\\\/06\\\/IMG_1973-scaled.jpg\",\"datePublished\":\"2024-06-20T10:27:13+00:00\",\"dateModified\":\"2024-07-11T15:44:29+00:00\",\"description\":\"Photophore en papier ignifug\u00e9 class\u00e9 M1. La douce lueur du photophore \u00e9voque une atmosph\u00e8re de s\u00e9r\u00e9nit, enveloppant la pi\u00e8ce d'une chaleur apaisante.\",\"breadcrumb\":{\"@id\":\"https:\\\/\\\/geodora-parfums.com\\\/en\\\/produits\\\/photophore-the-perfumer-in-his-hometown\\\/#breadcrumb\"},\"inLanguage\":\"en-US\",\"potentialAction\":[{\"@type\":\"ReadAction\",\"target\":[\"https:\\\/\\\/geodora-parfums.com\\\/en\\\/produits\\\/photophore-the-perfumer-in-his-hometown\\\/\"]}]},{\"@type\":\"ImageObject\",\"inLanguage\":\"en-US\",\"@id\":\"https:\\\/\\\/geodora-parfums.com\\\/en\\\/produits\\\/photophore-the-perfumer-in-his-hometown\\\/#primaryimage\",\"url\":\"https:\\\/\\\/geodora-parfums.com\\\/wp-content\\\/uploads\\\/2024\\\/06\\\/IMG_1973-scaled.jpg\",\"contentUrl\":\"https:\\\/\\\/geodora-parfums.com\\\/wp-content\\\/uploads\\\/2024\\\/06\\\/IMG_1973-scaled.jpg\",\"width\":1365,\"height\":1024},{\"@type\":\"BreadcrumbList\",\"@id\":\"https:\\\/\\\/geodora-parfums.com\\\/en\\\/produits\\\/photophore-the-perfumer-in-his-hometown\\\/#breadcrumb\",\"itemListElement\":[{\"@type\":\"ListItem\",\"position\":1,\"name\":\"Accueil\",\"item\":\"https:\\\/\\\/geodora-parfums.com\\\/en\\\/\"},{\"@type\":\"ListItem\",\"position\":2,\"name\":\"Homepage\",\"item\":\"https:\\\/\\\/geodora-parfums.com\\\/en\\\/\"},{\"@type\":\"ListItem\",\"position\":3,\"name\":\"Home fragrances\",\"item\":\"https:\\\/\\\/geodora-parfums.com\\\/en\\\/categories\\\/home-fragrances\\\/\"},{\"@type\":\"ListItem\",\"position\":4,\"name\":\"Photophore: the perfumer in his hometown\"}]},{\"@type\":\"WebSite\",\"@id\":\"https:\\\/\\\/geodora-parfums.com\\\/en\\\/#website\",\"url\":\"https:\\\/\\\/geodora-parfums.com\\\/en\\\/\",\"name\":\"Geodora\",\"description\":\"Parfumeur en provence\",\"publisher\":{\"@id\":\"https:\\\/\\\/geodora-parfums.com\\\/en\\\/#organization\"},\"potentialAction\":[{\"@type\":\"SearchAction\",\"target\":{\"@type\":\"EntryPoint\",\"urlTemplate\":\"https:\\\/\\\/geodora-parfums.com\\\/en\\\/?s={search_term_string}\"},\"query-input\":{\"@type\":\"PropertyValueSpecification\",\"valueRequired\":true,\"valueName\":\"search_term_string\"}}],\"inLanguage\":\"en-US\"},{\"@type\":\"Organization\",\"@id\":\"https:\\\/\\\/geodora-parfums.com\\\/en\\\/#organization\",\"name\":\"GEODORA Parfums\",\"url\":\"https:\\\/\\\/geodora-parfums.com\\\/en\\\/\",\"logo\":{\"@type\":\"ImageObject\",\"inLanguage\":\"en-US\",\"@id\":\"https:\\\/\\\/geodora-parfums.com\\\/en\\\/#\\\/schema\\\/logo\\\/image\\\/\",\"url\":\"https:\\\/\\\/geodora-parfums.com\\\/wp-content\\\/uploads\\\/2021\\\/09\\\/logo.png\",\"contentUrl\":\"https:\\\/\\\/geodora-parfums.com\\\/wp-content\\\/uploads\\\/2021\\\/09\\\/logo.png\",\"width\":1084,\"height\":1084,\"caption\":\"GEODORA Parfums\"},\"image\":{\"@id\":\"https:\\\/\\\/geodora-parfums.com\\\/en\\\/#\\\/schema\\\/logo\\\/image\\\/\"},\"sameAs\":[\"https:\\\/\\\/www.instagram.com\\\/geodoraparfums\\\/?hl=fr\",\"https:\\\/\\\/www.linkedin.com\\\/company\\\/geodora-parfums\\\/\"]}]}<\/script>\n<!-- \/ Yoast SEO plugin. -->","yoast_head_json":{"title":"Photophore: the perfumer in his hometown - Geodora","description":"Photophore en papier ignifug\u00e9 class\u00e9 M1. La douce lueur du photophore \u00e9voque une atmosph\u00e8re de s\u00e9r\u00e9nit, enveloppant la pi\u00e8ce d'une chaleur apaisante.","robots":{"index":"index","follow":"follow","max-snippet":"max-snippet:-1","max-image-preview":"max-image-preview:large","max-video-preview":"max-video-preview:-1"},"canonical":"https:\/\/geodora-parfums.com\/en\/produits\/photophore-the-perfumer-in-his-hometown\/","og_locale":"en_US","og_type":"article","og_title":"Photophore: the perfumer in his hometown - Geodora","og_description":"Photophore en papier ignifug\u00e9 class\u00e9 M1. La douce lueur du photophore \u00e9voque une atmosph\u00e8re de s\u00e9r\u00e9nit, enveloppant la pi\u00e8ce d'une chaleur apaisante.","og_url":"https:\/\/geodora-parfums.com\/en\/produits\/photophore-the-perfumer-in-his-hometown\/","og_site_name":"Geodora","article_modified_time":"2024-07-11T15:44:29+00:00","og_image":[{"width":819,"height":1024,"url":"https:\/\/geodora-parfums.com\/wp-content\/uploads\/2024\/06\/13-819x1024.png","type":"image\/png"}],"twitter_card":"summary_large_image","twitter_misc":{"Est. reading time":"1 minute"},"schema":{"@context":"https:\/\/schema.org","@graph":[{"@type":"WebPage","@id":"https:\/\/geodora-parfums.com\/en\/produits\/photophore-the-perfumer-in-his-hometown\/","url":"https:\/\/geodora-parfums.com\/en\/produits\/photophore-the-perfumer-in-his-hometown\/","name":"Photophore: the perfumer in his hometown - Geodora","isPartOf":{"@id":"https:\/\/geodora-parfums.com\/en\/#website"},"primaryImageOfPage":{"@id":"https:\/\/geodora-parfums.com\/en\/produits\/photophore-the-perfumer-in-his-hometown\/#primaryimage"},"image":{"@id":"https:\/\/geodora-parfums.com\/en\/produits\/photophore-the-perfumer-in-his-hometown\/#primaryimage"},"thumbnailUrl":"https:\/\/geodora-parfums.com\/wp-content\/uploads\/2024\/06\/IMG_1973-scaled.jpg","datePublished":"2024-06-20T10:27:13+00:00","dateModified":"2024-07-11T15:44:29+00:00","description":"Photophore en papier ignifug\u00e9 class\u00e9 M1. La douce lueur du photophore \u00e9voque une atmosph\u00e8re de s\u00e9r\u00e9nit, enveloppant la pi\u00e8ce d'une chaleur apaisante.","breadcrumb":{"@id":"https:\/\/geodora-parfums.com\/en\/produits\/photophore-the-perfumer-in-his-hometown\/#breadcrumb"},"inLanguage":"en-US","potentialAction":[{"@type":"ReadAction","target":["https:\/\/geodora-parfums.com\/en\/produits\/photophore-the-perfumer-in-his-hometown\/"]}]},{"@type":"ImageObject","inLanguage":"en-US","@id":"https:\/\/geodora-parfums.com\/en\/produits\/photophore-the-perfumer-in-his-hometown\/#primaryimage","url":"https:\/\/geodora-parfums.com\/wp-content\/uploads\/2024\/06\/IMG_1973-scaled.jpg","contentUrl":"https:\/\/geodora-parfums.com\/wp-content\/uploads\/2024\/06\/IMG_1973-scaled.jpg","width":1365,"height":1024},{"@type":"BreadcrumbList","@id":"https:\/\/geodora-parfums.com\/en\/produits\/photophore-the-perfumer-in-his-hometown\/#breadcrumb","itemListElement":[{"@type":"ListItem","position":1,"name":"Accueil","item":"https:\/\/geodora-parfums.com\/en\/"},{"@type":"ListItem","position":2,"name":"Homepage","item":"https:\/\/geodora-parfums.com\/en\/"},{"@type":"ListItem","position":3,"name":"Home fragrances","item":"https:\/\/geodora-parfums.com\/en\/categories\/home-fragrances\/"},{"@type":"ListItem","position":4,"name":"Photophore: the perfumer in his hometown"}]},{"@type":"WebSite","@id":"https:\/\/geodora-parfums.com\/en\/#website","url":"https:\/\/geodora-parfums.com\/en\/","name":"Geodora","description":"Parfumeur en provence","publisher":{"@id":"https:\/\/geodora-parfums.com\/en\/#organization"},"potentialAction":[{"@type":"SearchAction","target":{"@type":"EntryPoint","urlTemplate":"https:\/\/geodora-parfums.com\/en\/?s={search_term_string}"},"query-input":{"@type":"PropertyValueSpecification","valueRequired":true,"valueName":"search_term_string"}}],"inLanguage":"en-US"},{"@type":"Organization","@id":"https:\/\/geodora-parfums.com\/en\/#organization","name":"GEODORA Parfums","url":"https:\/\/geodora-parfums.com\/en\/","logo":{"@type":"ImageObject","inLanguage":"en-US","@id":"https:\/\/geodora-parfums.com\/en\/#\/schema\/logo\/image\/","url":"https:\/\/geodora-parfums.com\/wp-content\/uploads\/2021\/09\/logo.png","contentUrl":"https:\/\/geodora-parfums.com\/wp-content\/uploads\/2021\/09\/logo.png","width":1084,"height":1084,"caption":"GEODORA Parfums"},"image":{"@id":"https:\/\/geodora-parfums.com\/en\/#\/schema\/logo\/image\/"},"sameAs":["https:\/\/www.instagram.com\/geodoraparfums\/?hl=fr","https:\/\/www.linkedin.com\/company\/geodora-parfums\/"]}]}},"_links":{"self":[{"href":"https:\/\/geodora-parfums.com\/en\/wp-json\/wp\/v2\/product\/8370","targetHints":{"allow":["GET"]}}],"collection":[{"href":"https:\/\/geodora-parfums.com\/en\/wp-json\/wp\/v2\/product"}],"about":[{"href":"https:\/\/geodora-parfums.com\/en\/wp-json\/wp\/v2\/types\/product"}],"replies":[{"embeddable":true,"href":"https:\/\/geodora-parfums.com\/en\/wp-json\/wp\/v2\/comments?post=8370"}],"wp:featuredmedia":[{"embeddable":true,"href":"https:\/\/geodora-parfums.com\/en\/wp-json\/wp\/v2\/media\/10310"}],"wp:attachment":[{"href":"https:\/\/geodora-parfums.com\/en\/wp-json\/wp\/v2\/media?parent=8370"}],"wp:term":[{"taxonomy":"product_brand","embeddable":true,"href":"https:\/\/geodora-parfums.com\/en\/wp-json\/wp\/v2\/product_brand?post=8370"},{"taxonomy":"product_cat","embeddable":true,"href":"https:\/\/geodora-parfums.com\/en\/wp-json\/wp\/v2\/product_cat?post=8370"},{"taxonomy":"product_tag","embeddable":true,"href":"https:\/\/geodora-parfums.com\/en\/wp-json\/wp\/v2\/product_tag?post=8370"}],"curies":[{"name":"wp","href":"https:\/\/api.w.org\/{rel}","templated":true}]}}