{"id":10750,"date":"2025-07-30T12:55:56","date_gmt":"2025-07-30T10:55:56","guid":{"rendered":"https:\/\/geodora-parfums.com\/produits\/belle-a-bahia\/"},"modified":"2025-10-21T15:24:07","modified_gmt":"2025-10-21T13:24:07","slug":"belle-a-bahia","status":"publish","type":"product","link":"https:\/\/geodora-parfums.com\/en\/produits\/belle-a-bahia\/","title":{"rendered":"Belle \u00e0 Bahia"},"content":{"rendered":"<p class=\"cvGsUA direction-ltr align-justify para-style-body\"><span class=\"OYPEnA font-feature-liga-off font-feature-clig-off font-feature-calt-off text-decoration-none text-strikethrough-none\">LA C\u00c9L\u00c9BRATION DE LA JOIE<\/span><\/p>\n<p data-start=\"39\" data-end=\"70\">GOURMAND \u2013 VANILLA \u2013 FLORAL<\/p>\n<p data-start=\"72\" data-end=\"167\">With the Essences of Bushman Candle (Namibia), Green Vanilla (Madagascar), and Vetiver (Haiti).<\/p>\n<p data-start=\"169\" data-end=\"284\">Inspired by the Brazilian carnival, Belle \u00e0 Bahia is a hymn to movement, explosive joy, and the liberated body.<\/p>\n<p data-start=\"286\" data-end=\"400\">A radiant, gourmand fragrance full of laughter and joy \u2014 one that twirls, leaps, and celebrates life with passion.<\/p>\n<p data-start=\"402\" data-end=\"702\">Belle \u00e0 Bahia is one of GEODORA\u2019s signature creations, now reimagined with a richer formula and twice the concentration.<br data-start=\"526\" data-end=\"529\" \/>At its heart lies a sumptuous vanilla essence \u2014 round and creamy \u2014 blended with zesty citrus and the softness of white musks to unveil an irresistibly fresh, gourmand scent.<\/p>\n<p data-start=\"704\" data-end=\"759\">GENDER: Feminine to Unisex<br data-start=\"734\" data-end=\"737\" \/>Concentration: 30%<\/p>\n<p><span style=\"font-size: 8pt;\"><em>INGR\u00c9DIENTS : <span id=\"gmail-docs-internal-guid-7b0c4133-7fff-7512-5575-8029c983c62d\">ALCOHOL DENAT BIO, PARFUM (FRAGRANCE), TETRAMETHYL ACETYLOCTAHYDRONAPHTHALENES, VANILLIN, HYDROXYCITRONELLAL, LIMONENE, CITRUS AURANTIUM BERGAMIA PEEL OIL, SANTALOL, ALPHA-ISOMETHYL IONONE, COUMARIN, GERANYL ACETATE, LINALYL ACETATE, PINENE, MYROXYLON PEREIRAE OIL\/ EXTRACT, ROSE FLOWER OIL\/EXTRACT, LINALOOL, BENZYL BENZOATE, 3-METHYL-5-(2,2,3-TRIMETHYL-3-CYCLO PENTENYL)PENT-4-EN-2-OL, BENZYL CINNAMATE, CITRONELLOL, JASMINE OIL\/EXTRACT, GERANIOL, ROSE KETONES, TERPINOLENE, BETA-CARYOPHYLLENE, CITRAL, TERPINEOL, ALPHA-TERPINENE, EUGENOL.<\/span>\u00a0<\/em><\/span><\/p>\n<p><a href=\"https:\/\/geodora-parfums.com\/en\/retributive-ecology\/\"><img decoding=\"async\" class=\"alignleft wp-image-8085\" src=\"https:\/\/geodora-parfums.com\/wp-content\/uploads\/2024\/06\/Vegan_logo_sign-1024x1024.jpg\" sizes=\"(max-width: 64px) 100vw, 64px\" srcset=\"https:\/\/geodora-parfums.com\/wp-content\/uploads\/2024\/06\/Vegan_logo_sign.jpg 1024w, https:\/\/geodora-parfums.com\/wp-content\/uploads\/2024\/06\/Vegan_logo_sign-300x300.jpg 300w, https:\/\/geodora-parfums.com\/wp-content\/uploads\/2024\/06\/Vegan_logo_sign-150x150.jpg 150w, https:\/\/geodora-parfums.com\/wp-content\/uploads\/2024\/06\/Vegan_logo_sign-768x768.jpg 768w, https:\/\/geodora-parfums.com\/wp-content\/uploads\/2024\/06\/Vegan_logo_sign-600x600.jpg 600w, https:\/\/geodora-parfums.com\/wp-content\/uploads\/2024\/06\/Vegan_logo_sign-100x100.jpg 100w\" alt=\"\" width=\"64\" height=\"64\" \/><\/a><img decoding=\"async\" class=\"alignleft wp-image-8087\" src=\"https:\/\/geodora-parfums.com\/wp-content\/uploads\/2024\/06\/fabrique-en-france_logo_ligne_droit_rvb-1024x448.jpg\" sizes=\"(max-width: 147px) 100vw, 147px\" srcset=\"https:\/\/geodora-parfums.com\/wp-content\/uploads\/2024\/06\/fabrique-en-france_logo_ligne_droit_rvb-1024x448.jpg 1024w, https:\/\/geodora-parfums.com\/wp-content\/uploads\/2024\/06\/fabrique-en-france_logo_ligne_droit_rvb-300x131.jpg 300w, https:\/\/geodora-parfums.com\/wp-content\/uploads\/2024\/06\/fabrique-en-france_logo_ligne_droit_rvb-768x336.jpg 768w, https:\/\/geodora-parfums.com\/wp-content\/uploads\/2024\/06\/fabrique-en-france_logo_ligne_droit_rvb-1536x672.jpg 1536w, https:\/\/geodora-parfums.com\/wp-content\/uploads\/2024\/06\/fabrique-en-france_logo_ligne_droit_rvb-600x263.jpg 600w, https:\/\/geodora-parfums.com\/wp-content\/uploads\/2024\/06\/fabrique-en-france_logo_ligne_droit_rvb.jpg 1890w\" alt=\"\" width=\"147\" height=\"64\" \/><a href=\"https:\/\/www.onepercentfortheplanet.fr\/\"><img decoding=\"async\" class=\"alignleft wp-image-8119\" src=\"https:\/\/geodora-parfums.com\/wp-content\/uploads\/2024\/06\/pngwing.com-1.png\" sizes=\"(max-width: 51px) 100vw, 51px\" srcset=\"https:\/\/geodora-parfums.com\/wp-content\/uploads\/2024\/06\/pngwing.com-1.png 617w, https:\/\/geodora-parfums.com\/wp-content\/uploads\/2024\/06\/pngwing.com-1-247x300.png 247w, https:\/\/geodora-parfums.com\/wp-content\/uploads\/2024\/06\/pngwing.com-1-600x727.png 600w\" alt=\"\" width=\"51\" height=\"62\" \/><\/a><\/p>\n<p>&nbsp;<\/p>\n<p>&nbsp;<\/p>\n","protected":false},"excerpt":{"rendered":"<p data-start=\"39\" data-end=\"70\"><strong data-start=\"39\" data-end=\"70\">GOURMAND \u2013 VANILLA \u2013 FLORAL<\/strong><\/p>\n<p data-start=\"72\" data-end=\"322\">Inspired by the Brazilian carnival, <strong data-start=\"108\" data-end=\"125\">Belle \u00e0 Bahia<\/strong> is a hymn to movement, explosive joy, and the liberated body.<br data-start=\"187\" data-end=\"190\" \/>A radiant, gourmand fragrance, bursting with laughter and joy \u2014 one that twirls, soars, and celebrates life with passionate delight.<\/p>\n","protected":false},"featured_media":11084,"comment_status":"closed","ping_status":"closed","template":"","meta":{"_acf_changed":false},"product_brand":[],"product_cat":[517],"product_tag":[538,535,353,536,539,537],"class_list":{"0":"post-10750","1":"product","2":"type-product","3":"status-publish","4":"has-post-thumbnail","6":"product_cat-our-extrait-de-parfum","7":"product_tag-agrume-en","8":"product_tag-belle-a-bahia-en","9":"product_tag-floral","10":"product_tag-gourmand-en","11":"product_tag-musc-blanc-en","12":"product_tag-vanille-en","14":"first","15":"instock","16":"taxable","17":"shipping-taxable","18":"purchasable","19":"product-type-variable","20":"rtwpvg-product"},"acf":[],"yoast_head":"<!-- This site is optimized with the Yoast SEO plugin v27.4 - https:\/\/yoast.com\/product\/yoast-seo-wordpress\/ -->\n<title>Belle \u00e0 Bahia - Geodora<\/title>\n<meta name=\"description\" content=\"Inspir\u00e9 du carnaval br\u00e9silien, Belle \u00e0 Bahia est un hymne au mouvement, \u00e0 la joie explosive, au corps lib\u00e9r\u00e9.Un parfum gourmand et rayonnant, plein de rires et de joie. Qui fait virevolter, s\u2019\u00e9lancer et aimer la vie que l\u2019on savoure avec passion.\" \/>\n<meta name=\"robots\" content=\"index, follow, max-snippet:-1, max-image-preview:large, max-video-preview:-1\" \/>\n<link rel=\"canonical\" href=\"https:\/\/geodora-parfums.com\/en\/produits\/belle-a-bahia\/\" \/>\n<meta property=\"og:locale\" content=\"en_US\" \/>\n<meta property=\"og:type\" content=\"article\" \/>\n<meta property=\"og:title\" content=\"Belle \u00e0 Bahia - Geodora\" \/>\n<meta property=\"og:description\" content=\"Inspir\u00e9 du carnaval br\u00e9silien, Belle \u00e0 Bahia est un hymne au mouvement, \u00e0 la joie explosive, au corps lib\u00e9r\u00e9.Un parfum gourmand et rayonnant, plein de rires et de joie. Qui fait virevolter, s\u2019\u00e9lancer et aimer la vie que l\u2019on savoure avec passion.\" \/>\n<meta property=\"og:url\" content=\"https:\/\/geodora-parfums.com\/en\/produits\/belle-a-bahia\/\" \/>\n<meta property=\"og:site_name\" content=\"Geodora\" \/>\n<meta property=\"article:modified_time\" content=\"2025-10-21T13:24:07+00:00\" \/>\n<meta property=\"og:image\" content=\"https:\/\/geodora-parfums.com\/wp-content\/uploads\/2025\/08\/IMG_5405.jpeg\" \/>\n\t<meta property=\"og:image:width\" content=\"1705\" \/>\n\t<meta property=\"og:image:height\" content=\"2271\" \/>\n\t<meta property=\"og:image:type\" content=\"image\/jpeg\" \/>\n<meta name=\"twitter:card\" content=\"summary_large_image\" \/>\n<meta name=\"twitter:label1\" content=\"Est. reading time\" \/>\n\t<meta name=\"twitter:data1\" content=\"2 minutes\" \/>\n<script type=\"application\/ld+json\" class=\"yoast-schema-graph\">{\"@context\":\"https:\\\/\\\/schema.org\",\"@graph\":[{\"@type\":\"WebPage\",\"@id\":\"https:\\\/\\\/geodora-parfums.com\\\/en\\\/produits\\\/belle-a-bahia\\\/\",\"url\":\"https:\\\/\\\/geodora-parfums.com\\\/en\\\/produits\\\/belle-a-bahia\\\/\",\"name\":\"Belle \u00e0 Bahia - Geodora\",\"isPartOf\":{\"@id\":\"https:\\\/\\\/geodora-parfums.com\\\/en\\\/#website\"},\"primaryImageOfPage\":{\"@id\":\"https:\\\/\\\/geodora-parfums.com\\\/en\\\/produits\\\/belle-a-bahia\\\/#primaryimage\"},\"image\":{\"@id\":\"https:\\\/\\\/geodora-parfums.com\\\/en\\\/produits\\\/belle-a-bahia\\\/#primaryimage\"},\"thumbnailUrl\":\"https:\\\/\\\/geodora-parfums.com\\\/wp-content\\\/uploads\\\/2025\\\/08\\\/IMG_5405.jpeg\",\"datePublished\":\"2025-07-30T10:55:56+00:00\",\"dateModified\":\"2025-10-21T13:24:07+00:00\",\"description\":\"Inspir\u00e9 du carnaval br\u00e9silien, Belle \u00e0 Bahia est un hymne au mouvement, \u00e0 la joie explosive, au corps lib\u00e9r\u00e9.Un parfum gourmand et rayonnant, plein de rires et de joie. Qui fait virevolter, s\u2019\u00e9lancer et aimer la vie que l\u2019on savoure avec passion.\",\"breadcrumb\":{\"@id\":\"https:\\\/\\\/geodora-parfums.com\\\/en\\\/produits\\\/belle-a-bahia\\\/#breadcrumb\"},\"inLanguage\":\"en-US\",\"potentialAction\":[{\"@type\":\"ReadAction\",\"target\":[\"https:\\\/\\\/geodora-parfums.com\\\/en\\\/produits\\\/belle-a-bahia\\\/\"]}]},{\"@type\":\"ImageObject\",\"inLanguage\":\"en-US\",\"@id\":\"https:\\\/\\\/geodora-parfums.com\\\/en\\\/produits\\\/belle-a-bahia\\\/#primaryimage\",\"url\":\"https:\\\/\\\/geodora-parfums.com\\\/wp-content\\\/uploads\\\/2025\\\/08\\\/IMG_5405.jpeg\",\"contentUrl\":\"https:\\\/\\\/geodora-parfums.com\\\/wp-content\\\/uploads\\\/2025\\\/08\\\/IMG_5405.jpeg\",\"width\":769,\"height\":1024},{\"@type\":\"BreadcrumbList\",\"@id\":\"https:\\\/\\\/geodora-parfums.com\\\/en\\\/produits\\\/belle-a-bahia\\\/#breadcrumb\",\"itemListElement\":[{\"@type\":\"ListItem\",\"position\":1,\"name\":\"Accueil\",\"item\":\"https:\\\/\\\/geodora-parfums.com\\\/en\\\/\"},{\"@type\":\"ListItem\",\"position\":2,\"name\":\"Homepage\",\"item\":\"https:\\\/\\\/geodora-parfums.com\\\/en\\\/\"},{\"@type\":\"ListItem\",\"position\":3,\"name\":\"Our extrait de parfum\",\"item\":\"https:\\\/\\\/geodora-parfums.com\\\/en\\\/categories\\\/our-extrait-de-parfum\\\/\"},{\"@type\":\"ListItem\",\"position\":4,\"name\":\"Belle \u00e0 Bahia\"}]},{\"@type\":\"WebSite\",\"@id\":\"https:\\\/\\\/geodora-parfums.com\\\/en\\\/#website\",\"url\":\"https:\\\/\\\/geodora-parfums.com\\\/en\\\/\",\"name\":\"Geodora\",\"description\":\"Parfumeur en provence\",\"publisher\":{\"@id\":\"https:\\\/\\\/geodora-parfums.com\\\/en\\\/#organization\"},\"potentialAction\":[{\"@type\":\"SearchAction\",\"target\":{\"@type\":\"EntryPoint\",\"urlTemplate\":\"https:\\\/\\\/geodora-parfums.com\\\/en\\\/?s={search_term_string}\"},\"query-input\":{\"@type\":\"PropertyValueSpecification\",\"valueRequired\":true,\"valueName\":\"search_term_string\"}}],\"inLanguage\":\"en-US\"},{\"@type\":\"Organization\",\"@id\":\"https:\\\/\\\/geodora-parfums.com\\\/en\\\/#organization\",\"name\":\"GEODORA Parfums\",\"url\":\"https:\\\/\\\/geodora-parfums.com\\\/en\\\/\",\"logo\":{\"@type\":\"ImageObject\",\"inLanguage\":\"en-US\",\"@id\":\"https:\\\/\\\/geodora-parfums.com\\\/en\\\/#\\\/schema\\\/logo\\\/image\\\/\",\"url\":\"https:\\\/\\\/geodora-parfums.com\\\/wp-content\\\/uploads\\\/2021\\\/09\\\/logo.png\",\"contentUrl\":\"https:\\\/\\\/geodora-parfums.com\\\/wp-content\\\/uploads\\\/2021\\\/09\\\/logo.png\",\"width\":1084,\"height\":1084,\"caption\":\"GEODORA Parfums\"},\"image\":{\"@id\":\"https:\\\/\\\/geodora-parfums.com\\\/en\\\/#\\\/schema\\\/logo\\\/image\\\/\"},\"sameAs\":[\"https:\\\/\\\/www.instagram.com\\\/geodoraparfums\\\/?hl=fr\",\"https:\\\/\\\/www.linkedin.com\\\/company\\\/geodora-parfums\\\/\"]}]}<\/script>\n<!-- \/ Yoast SEO plugin. -->","yoast_head_json":{"title":"Belle \u00e0 Bahia - Geodora","description":"Inspir\u00e9 du carnaval br\u00e9silien, Belle \u00e0 Bahia est un hymne au mouvement, \u00e0 la joie explosive, au corps lib\u00e9r\u00e9.Un parfum gourmand et rayonnant, plein de rires et de joie. Qui fait virevolter, s\u2019\u00e9lancer et aimer la vie que l\u2019on savoure avec passion.","robots":{"index":"index","follow":"follow","max-snippet":"max-snippet:-1","max-image-preview":"max-image-preview:large","max-video-preview":"max-video-preview:-1"},"canonical":"https:\/\/geodora-parfums.com\/en\/produits\/belle-a-bahia\/","og_locale":"en_US","og_type":"article","og_title":"Belle \u00e0 Bahia - Geodora","og_description":"Inspir\u00e9 du carnaval br\u00e9silien, Belle \u00e0 Bahia est un hymne au mouvement, \u00e0 la joie explosive, au corps lib\u00e9r\u00e9.Un parfum gourmand et rayonnant, plein de rires et de joie. Qui fait virevolter, s\u2019\u00e9lancer et aimer la vie que l\u2019on savoure avec passion.","og_url":"https:\/\/geodora-parfums.com\/en\/produits\/belle-a-bahia\/","og_site_name":"Geodora","article_modified_time":"2025-10-21T13:24:07+00:00","og_image":[{"width":1705,"height":2271,"url":"https:\/\/geodora-parfums.com\/wp-content\/uploads\/2025\/08\/IMG_5405.jpeg","type":"image\/jpeg"}],"twitter_card":"summary_large_image","twitter_misc":{"Est. reading time":"2 minutes"},"schema":{"@context":"https:\/\/schema.org","@graph":[{"@type":"WebPage","@id":"https:\/\/geodora-parfums.com\/en\/produits\/belle-a-bahia\/","url":"https:\/\/geodora-parfums.com\/en\/produits\/belle-a-bahia\/","name":"Belle \u00e0 Bahia - Geodora","isPartOf":{"@id":"https:\/\/geodora-parfums.com\/en\/#website"},"primaryImageOfPage":{"@id":"https:\/\/geodora-parfums.com\/en\/produits\/belle-a-bahia\/#primaryimage"},"image":{"@id":"https:\/\/geodora-parfums.com\/en\/produits\/belle-a-bahia\/#primaryimage"},"thumbnailUrl":"https:\/\/geodora-parfums.com\/wp-content\/uploads\/2025\/08\/IMG_5405.jpeg","datePublished":"2025-07-30T10:55:56+00:00","dateModified":"2025-10-21T13:24:07+00:00","description":"Inspir\u00e9 du carnaval br\u00e9silien, Belle \u00e0 Bahia est un hymne au mouvement, \u00e0 la joie explosive, au corps lib\u00e9r\u00e9.Un parfum gourmand et rayonnant, plein de rires et de joie. Qui fait virevolter, s\u2019\u00e9lancer et aimer la vie que l\u2019on savoure avec passion.","breadcrumb":{"@id":"https:\/\/geodora-parfums.com\/en\/produits\/belle-a-bahia\/#breadcrumb"},"inLanguage":"en-US","potentialAction":[{"@type":"ReadAction","target":["https:\/\/geodora-parfums.com\/en\/produits\/belle-a-bahia\/"]}]},{"@type":"ImageObject","inLanguage":"en-US","@id":"https:\/\/geodora-parfums.com\/en\/produits\/belle-a-bahia\/#primaryimage","url":"https:\/\/geodora-parfums.com\/wp-content\/uploads\/2025\/08\/IMG_5405.jpeg","contentUrl":"https:\/\/geodora-parfums.com\/wp-content\/uploads\/2025\/08\/IMG_5405.jpeg","width":769,"height":1024},{"@type":"BreadcrumbList","@id":"https:\/\/geodora-parfums.com\/en\/produits\/belle-a-bahia\/#breadcrumb","itemListElement":[{"@type":"ListItem","position":1,"name":"Accueil","item":"https:\/\/geodora-parfums.com\/en\/"},{"@type":"ListItem","position":2,"name":"Homepage","item":"https:\/\/geodora-parfums.com\/en\/"},{"@type":"ListItem","position":3,"name":"Our extrait de parfum","item":"https:\/\/geodora-parfums.com\/en\/categories\/our-extrait-de-parfum\/"},{"@type":"ListItem","position":4,"name":"Belle \u00e0 Bahia"}]},{"@type":"WebSite","@id":"https:\/\/geodora-parfums.com\/en\/#website","url":"https:\/\/geodora-parfums.com\/en\/","name":"Geodora","description":"Parfumeur en provence","publisher":{"@id":"https:\/\/geodora-parfums.com\/en\/#organization"},"potentialAction":[{"@type":"SearchAction","target":{"@type":"EntryPoint","urlTemplate":"https:\/\/geodora-parfums.com\/en\/?s={search_term_string}"},"query-input":{"@type":"PropertyValueSpecification","valueRequired":true,"valueName":"search_term_string"}}],"inLanguage":"en-US"},{"@type":"Organization","@id":"https:\/\/geodora-parfums.com\/en\/#organization","name":"GEODORA Parfums","url":"https:\/\/geodora-parfums.com\/en\/","logo":{"@type":"ImageObject","inLanguage":"en-US","@id":"https:\/\/geodora-parfums.com\/en\/#\/schema\/logo\/image\/","url":"https:\/\/geodora-parfums.com\/wp-content\/uploads\/2021\/09\/logo.png","contentUrl":"https:\/\/geodora-parfums.com\/wp-content\/uploads\/2021\/09\/logo.png","width":1084,"height":1084,"caption":"GEODORA Parfums"},"image":{"@id":"https:\/\/geodora-parfums.com\/en\/#\/schema\/logo\/image\/"},"sameAs":["https:\/\/www.instagram.com\/geodoraparfums\/?hl=fr","https:\/\/www.linkedin.com\/company\/geodora-parfums\/"]}]}},"_links":{"self":[{"href":"https:\/\/geodora-parfums.com\/en\/wp-json\/wp\/v2\/product\/10750","targetHints":{"allow":["GET"]}}],"collection":[{"href":"https:\/\/geodora-parfums.com\/en\/wp-json\/wp\/v2\/product"}],"about":[{"href":"https:\/\/geodora-parfums.com\/en\/wp-json\/wp\/v2\/types\/product"}],"replies":[{"embeddable":true,"href":"https:\/\/geodora-parfums.com\/en\/wp-json\/wp\/v2\/comments?post=10750"}],"wp:featuredmedia":[{"embeddable":true,"href":"https:\/\/geodora-parfums.com\/en\/wp-json\/wp\/v2\/media\/11084"}],"wp:attachment":[{"href":"https:\/\/geodora-parfums.com\/en\/wp-json\/wp\/v2\/media?parent=10750"}],"wp:term":[{"taxonomy":"product_brand","embeddable":true,"href":"https:\/\/geodora-parfums.com\/en\/wp-json\/wp\/v2\/product_brand?post=10750"},{"taxonomy":"product_cat","embeddable":true,"href":"https:\/\/geodora-parfums.com\/en\/wp-json\/wp\/v2\/product_cat?post=10750"},{"taxonomy":"product_tag","embeddable":true,"href":"https:\/\/geodora-parfums.com\/en\/wp-json\/wp\/v2\/product_tag?post=10750"}],"curies":[{"name":"wp","href":"https:\/\/api.w.org\/{rel}","templated":true}]}}