{"id":10742,"date":"2025-07-30T12:56:18","date_gmt":"2025-07-30T10:56:18","guid":{"rendered":"https:\/\/geodora-parfums.com\/produits\/swing-neroli\/"},"modified":"2025-10-21T15:21:00","modified_gmt":"2025-10-21T13:21:00","slug":"swing-neroli","status":"publish","type":"product","link":"https:\/\/geodora-parfums.com\/en\/produits\/swing-neroli\/","title":{"rendered":"Swing N\u00e9roli"},"content":{"rendered":"<p>LA C\u00c9L\u00c9BRATION DE LA MATI\u00c8RE<\/p>\n<p>FRAIS &#8211; FLORAL &#8211; BOIS\u00c9<\/p>\n<p data-start=\"39\" data-end=\"107\">With the Essences of Mandarin (Calabria), Patchouli (Indonesia).<\/p>\n<p data-start=\"109\" data-end=\"357\">Swing N\u00e9roli is a free-spirited and luminous olfactory composition.<br data-start=\"180\" data-end=\"183\" \/>Neroli dances brightly, carried by solar energy and spontaneous elegance.<br data-start=\"256\" data-end=\"259\" \/>This fragrance reveals your most liberated self, lights up the moment, and radiates your presence.<\/p>\n<p data-start=\"359\" data-end=\"427\">A subtle balance, like a tightrope dance between grace and boldness.<\/p>\n<p data-start=\"429\" data-end=\"612\">Swing N\u00e9roli passionately embodies the Mediterranean light through its citrus notes and orange blossom, gently elevated by ozonic accents that lend it a radiant and lasting freshness.<\/p>\n<p data-start=\"614\" data-end=\"636\">Concentration: 30%<\/p>\n<p data-start=\"638\" data-end=\"656\">GENDER: Unisex<\/p>\n<p><span style=\"font-size: 8pt;\">INGR\u00c9DIENTS : <em>ALCOHOL DENAT BIO, PARFUM (FRAGRANCE), TETRAMETHYL ACETYLOCTAHYDRONAPHTHALENES, LIMONENE, ACETYLCEDRENE, CITRUS AURANTIUM BERGAMIA PEEL OIL, POGOSTEMON CABLIN LEAF OIL, PINENE, LINALYL ACETATE, ROSE FLOWER OIL\/EXTRACT, BETA-CARYOPHYLLENE, LINALOOL, CITRUS AURANTIUM FLOWER OIL, TERPINOLENE, CITRONELLOL, TERPINEOL, ALPHA-TERPINENE, GERANIOL, GERANYL ACETATE, CITRAL, EUGENOL, HYDROXYCITRONELLAL, BENZYL ALCOHOL, FARNESOL.<\/em><\/span><\/p>\n<p><a href=\"https:\/\/geodora-parfums.com\/en\/retributive-ecology\/\"><img decoding=\"async\" class=\"alignleft wp-image-8085\" src=\"https:\/\/geodora-parfums.com\/wp-content\/uploads\/2024\/06\/Vegan_logo_sign-1024x1024.jpg\" sizes=\"(max-width: 64px) 100vw, 64px\" srcset=\"https:\/\/geodora-parfums.com\/wp-content\/uploads\/2024\/06\/Vegan_logo_sign.jpg 1024w, https:\/\/geodora-parfums.com\/wp-content\/uploads\/2024\/06\/Vegan_logo_sign-300x300.jpg 300w, https:\/\/geodora-parfums.com\/wp-content\/uploads\/2024\/06\/Vegan_logo_sign-150x150.jpg 150w, https:\/\/geodora-parfums.com\/wp-content\/uploads\/2024\/06\/Vegan_logo_sign-768x768.jpg 768w, https:\/\/geodora-parfums.com\/wp-content\/uploads\/2024\/06\/Vegan_logo_sign-600x600.jpg 600w, https:\/\/geodora-parfums.com\/wp-content\/uploads\/2024\/06\/Vegan_logo_sign-100x100.jpg 100w\" alt=\"\" width=\"64\" height=\"64\" \/><\/a><img decoding=\"async\" class=\"alignleft wp-image-8087\" src=\"https:\/\/geodora-parfums.com\/wp-content\/uploads\/2024\/06\/fabrique-en-france_logo_ligne_droit_rvb-1024x448.jpg\" sizes=\"(max-width: 147px) 100vw, 147px\" srcset=\"https:\/\/geodora-parfums.com\/wp-content\/uploads\/2024\/06\/fabrique-en-france_logo_ligne_droit_rvb-1024x448.jpg 1024w, https:\/\/geodora-parfums.com\/wp-content\/uploads\/2024\/06\/fabrique-en-france_logo_ligne_droit_rvb-300x131.jpg 300w, https:\/\/geodora-parfums.com\/wp-content\/uploads\/2024\/06\/fabrique-en-france_logo_ligne_droit_rvb-768x336.jpg 768w, https:\/\/geodora-parfums.com\/wp-content\/uploads\/2024\/06\/fabrique-en-france_logo_ligne_droit_rvb-1536x672.jpg 1536w, https:\/\/geodora-parfums.com\/wp-content\/uploads\/2024\/06\/fabrique-en-france_logo_ligne_droit_rvb-600x263.jpg 600w, https:\/\/geodora-parfums.com\/wp-content\/uploads\/2024\/06\/fabrique-en-france_logo_ligne_droit_rvb.jpg 1890w\" alt=\"\" width=\"147\" height=\"64\" \/><a href=\"https:\/\/www.onepercentfortheplanet.fr\/\"><img decoding=\"async\" class=\"alignleft wp-image-8119\" src=\"https:\/\/geodora-parfums.com\/wp-content\/uploads\/2024\/06\/pngwing.com-1.png\" sizes=\"(max-width: 51px) 100vw, 51px\" srcset=\"https:\/\/geodora-parfums.com\/wp-content\/uploads\/2024\/06\/pngwing.com-1.png 617w, https:\/\/geodora-parfums.com\/wp-content\/uploads\/2024\/06\/pngwing.com-1-247x300.png 247w, https:\/\/geodora-parfums.com\/wp-content\/uploads\/2024\/06\/pngwing.com-1-600x727.png 600w\" alt=\"\" width=\"51\" height=\"62\" \/><\/a><\/p>\n<p>&nbsp;<\/p>\n","protected":false},"excerpt":{"rendered":"<p data-start=\"39\" data-end=\"65\">FRESH \u2013 FLORAL \u2013 WOODY<\/p>\n<p data-start=\"67\" data-end=\"318\">Swing N\u00e9roli is a free-spirited and luminous olfactory composition.<br data-start=\"138\" data-end=\"141\" \/>Neroli dances brightly, carried by solar energy and spontaneous elegance.<br data-start=\"214\" data-end=\"217\" \/>This fragrance reveals your most liberated self, lights up the moment, and makes your presence shine.<\/p>\n<p data-start=\"320\" data-end=\"388\">A subtle balance, like a tightrope dance between grace and boldness.<\/p>\n","protected":false},"featured_media":11072,"comment_status":"closed","ping_status":"closed","template":"","meta":{"_acf_changed":false},"product_brand":[],"product_cat":[517],"product_tag":[526,527,353,525,528],"class_list":{"0":"post-10742","1":"product","2":"type-product","3":"status-publish","4":"has-post-thumbnail","6":"product_cat-our-extrait-de-parfum","7":"product_tag-boise-en","8":"product_tag-extrait-de-parfum-en","9":"product_tag-floral","10":"product_tag-frais-en","11":"product_tag-swing-neroli-en","13":"first","14":"instock","15":"taxable","16":"shipping-taxable","17":"purchasable","18":"product-type-variable","19":"rtwpvg-product"},"acf":[],"yoast_head":"<!-- This site is optimized with the Yoast SEO plugin v27.3 - https:\/\/yoast.com\/product\/yoast-seo-wordpress\/ -->\n<title>Swing N\u00e9roli - Geodora<\/title>\n<meta name=\"description\" content=\"Swing N\u00e9roli is a free and luminous olfactory composition. Neroli dances with brilliance, carried by solar energy and spontaneous elegance. This fragrance reveals your most liberated self, brightens the moment, and makes your presence radiate. A subtle balance, like a tightrope dance between grace and boldness.\" \/>\n<meta name=\"robots\" content=\"index, follow, max-snippet:-1, max-image-preview:large, max-video-preview:-1\" \/>\n<link rel=\"canonical\" href=\"https:\/\/geodora-parfums.com\/en\/produits\/swing-neroli\/\" \/>\n<meta property=\"og:locale\" content=\"en_US\" \/>\n<meta property=\"og:type\" content=\"article\" \/>\n<meta property=\"og:title\" content=\"Swing N\u00e9roli - Geodora\" \/>\n<meta property=\"og:description\" content=\"Swing N\u00e9roli is a free and luminous olfactory composition. Neroli dances with brilliance, carried by solar energy and spontaneous elegance. This fragrance reveals your most liberated self, brightens the moment, and makes your presence radiate. A subtle balance, like a tightrope dance between grace and boldness.\" \/>\n<meta property=\"og:url\" content=\"https:\/\/geodora-parfums.com\/en\/produits\/swing-neroli\/\" \/>\n<meta property=\"og:site_name\" content=\"Geodora\" \/>\n<meta property=\"article:modified_time\" content=\"2025-10-21T13:21:00+00:00\" \/>\n<meta property=\"og:image\" content=\"https:\/\/geodora-parfums.com\/wp-content\/uploads\/2025\/08\/IMG_4953-scaled-e1755511724626.jpeg\" \/>\n\t<meta property=\"og:image:width\" content=\"2048\" \/>\n\t<meta property=\"og:image:height\" content=\"2560\" \/>\n\t<meta property=\"og:image:type\" content=\"image\/jpeg\" \/>\n<meta name=\"twitter:card\" content=\"summary_large_image\" \/>\n<meta name=\"twitter:label1\" content=\"Est. reading time\" \/>\n\t<meta name=\"twitter:data1\" content=\"2 minutes\" \/>\n<script type=\"application\/ld+json\" class=\"yoast-schema-graph\">{\"@context\":\"https:\\\/\\\/schema.org\",\"@graph\":[{\"@type\":\"WebPage\",\"@id\":\"https:\\\/\\\/geodora-parfums.com\\\/en\\\/produits\\\/swing-neroli\\\/\",\"url\":\"https:\\\/\\\/geodora-parfums.com\\\/en\\\/produits\\\/swing-neroli\\\/\",\"name\":\"Swing N\u00e9roli - Geodora\",\"isPartOf\":{\"@id\":\"https:\\\/\\\/geodora-parfums.com\\\/en\\\/#website\"},\"primaryImageOfPage\":{\"@id\":\"https:\\\/\\\/geodora-parfums.com\\\/en\\\/produits\\\/swing-neroli\\\/#primaryimage\"},\"image\":{\"@id\":\"https:\\\/\\\/geodora-parfums.com\\\/en\\\/produits\\\/swing-neroli\\\/#primaryimage\"},\"thumbnailUrl\":\"https:\\\/\\\/geodora-parfums.com\\\/wp-content\\\/uploads\\\/2025\\\/08\\\/IMG_4953-scaled-e1755511724626.jpeg\",\"datePublished\":\"2025-07-30T10:56:18+00:00\",\"dateModified\":\"2025-10-21T13:21:00+00:00\",\"description\":\"Swing N\u00e9roli is a free and luminous olfactory composition. Neroli dances with brilliance, carried by solar energy and spontaneous elegance. This fragrance reveals your most liberated self, brightens the moment, and makes your presence radiate. A subtle balance, like a tightrope dance between grace and boldness.\",\"breadcrumb\":{\"@id\":\"https:\\\/\\\/geodora-parfums.com\\\/en\\\/produits\\\/swing-neroli\\\/#breadcrumb\"},\"inLanguage\":\"en-US\",\"potentialAction\":[{\"@type\":\"ReadAction\",\"target\":[\"https:\\\/\\\/geodora-parfums.com\\\/en\\\/produits\\\/swing-neroli\\\/\"]}]},{\"@type\":\"ImageObject\",\"inLanguage\":\"en-US\",\"@id\":\"https:\\\/\\\/geodora-parfums.com\\\/en\\\/produits\\\/swing-neroli\\\/#primaryimage\",\"url\":\"https:\\\/\\\/geodora-parfums.com\\\/wp-content\\\/uploads\\\/2025\\\/08\\\/IMG_4953-scaled-e1755511724626.jpeg\",\"contentUrl\":\"https:\\\/\\\/geodora-parfums.com\\\/wp-content\\\/uploads\\\/2025\\\/08\\\/IMG_4953-scaled-e1755511724626.jpeg\",\"width\":2048,\"height\":2560},{\"@type\":\"BreadcrumbList\",\"@id\":\"https:\\\/\\\/geodora-parfums.com\\\/en\\\/produits\\\/swing-neroli\\\/#breadcrumb\",\"itemListElement\":[{\"@type\":\"ListItem\",\"position\":1,\"name\":\"Accueil\",\"item\":\"https:\\\/\\\/geodora-parfums.com\\\/en\\\/\"},{\"@type\":\"ListItem\",\"position\":2,\"name\":\"Homepage\",\"item\":\"https:\\\/\\\/geodora-parfums.com\\\/en\\\/\"},{\"@type\":\"ListItem\",\"position\":3,\"name\":\"Our extrait de parfum\",\"item\":\"https:\\\/\\\/geodora-parfums.com\\\/en\\\/categories\\\/our-extrait-de-parfum\\\/\"},{\"@type\":\"ListItem\",\"position\":4,\"name\":\"Swing N\u00e9roli\"}]},{\"@type\":\"WebSite\",\"@id\":\"https:\\\/\\\/geodora-parfums.com\\\/en\\\/#website\",\"url\":\"https:\\\/\\\/geodora-parfums.com\\\/en\\\/\",\"name\":\"Geodora\",\"description\":\"Parfumeur en provence\",\"publisher\":{\"@id\":\"https:\\\/\\\/geodora-parfums.com\\\/en\\\/#organization\"},\"potentialAction\":[{\"@type\":\"SearchAction\",\"target\":{\"@type\":\"EntryPoint\",\"urlTemplate\":\"https:\\\/\\\/geodora-parfums.com\\\/en\\\/?s={search_term_string}\"},\"query-input\":{\"@type\":\"PropertyValueSpecification\",\"valueRequired\":true,\"valueName\":\"search_term_string\"}}],\"inLanguage\":\"en-US\"},{\"@type\":\"Organization\",\"@id\":\"https:\\\/\\\/geodora-parfums.com\\\/en\\\/#organization\",\"name\":\"GEODORA Parfums\",\"url\":\"https:\\\/\\\/geodora-parfums.com\\\/en\\\/\",\"logo\":{\"@type\":\"ImageObject\",\"inLanguage\":\"en-US\",\"@id\":\"https:\\\/\\\/geodora-parfums.com\\\/en\\\/#\\\/schema\\\/logo\\\/image\\\/\",\"url\":\"https:\\\/\\\/geodora-parfums.com\\\/wp-content\\\/uploads\\\/2021\\\/09\\\/logo.png\",\"contentUrl\":\"https:\\\/\\\/geodora-parfums.com\\\/wp-content\\\/uploads\\\/2021\\\/09\\\/logo.png\",\"width\":1084,\"height\":1084,\"caption\":\"GEODORA Parfums\"},\"image\":{\"@id\":\"https:\\\/\\\/geodora-parfums.com\\\/en\\\/#\\\/schema\\\/logo\\\/image\\\/\"},\"sameAs\":[\"https:\\\/\\\/www.instagram.com\\\/geodoraparfums\\\/?hl=fr\",\"https:\\\/\\\/www.linkedin.com\\\/company\\\/geodora-parfums\\\/\"]}]}<\/script>\n<!-- \/ Yoast SEO plugin. -->","yoast_head_json":{"title":"Swing N\u00e9roli - Geodora","description":"Swing N\u00e9roli is a free and luminous olfactory composition. Neroli dances with brilliance, carried by solar energy and spontaneous elegance. This fragrance reveals your most liberated self, brightens the moment, and makes your presence radiate. A subtle balance, like a tightrope dance between grace and boldness.","robots":{"index":"index","follow":"follow","max-snippet":"max-snippet:-1","max-image-preview":"max-image-preview:large","max-video-preview":"max-video-preview:-1"},"canonical":"https:\/\/geodora-parfums.com\/en\/produits\/swing-neroli\/","og_locale":"en_US","og_type":"article","og_title":"Swing N\u00e9roli - Geodora","og_description":"Swing N\u00e9roli is a free and luminous olfactory composition. Neroli dances with brilliance, carried by solar energy and spontaneous elegance. This fragrance reveals your most liberated self, brightens the moment, and makes your presence radiate. A subtle balance, like a tightrope dance between grace and boldness.","og_url":"https:\/\/geodora-parfums.com\/en\/produits\/swing-neroli\/","og_site_name":"Geodora","article_modified_time":"2025-10-21T13:21:00+00:00","og_image":[{"width":2048,"height":2560,"url":"https:\/\/geodora-parfums.com\/wp-content\/uploads\/2025\/08\/IMG_4953-scaled-e1755511724626.jpeg","type":"image\/jpeg"}],"twitter_card":"summary_large_image","twitter_misc":{"Est. reading time":"2 minutes"},"schema":{"@context":"https:\/\/schema.org","@graph":[{"@type":"WebPage","@id":"https:\/\/geodora-parfums.com\/en\/produits\/swing-neroli\/","url":"https:\/\/geodora-parfums.com\/en\/produits\/swing-neroli\/","name":"Swing N\u00e9roli - Geodora","isPartOf":{"@id":"https:\/\/geodora-parfums.com\/en\/#website"},"primaryImageOfPage":{"@id":"https:\/\/geodora-parfums.com\/en\/produits\/swing-neroli\/#primaryimage"},"image":{"@id":"https:\/\/geodora-parfums.com\/en\/produits\/swing-neroli\/#primaryimage"},"thumbnailUrl":"https:\/\/geodora-parfums.com\/wp-content\/uploads\/2025\/08\/IMG_4953-scaled-e1755511724626.jpeg","datePublished":"2025-07-30T10:56:18+00:00","dateModified":"2025-10-21T13:21:00+00:00","description":"Swing N\u00e9roli is a free and luminous olfactory composition. Neroli dances with brilliance, carried by solar energy and spontaneous elegance. This fragrance reveals your most liberated self, brightens the moment, and makes your presence radiate. A subtle balance, like a tightrope dance between grace and boldness.","breadcrumb":{"@id":"https:\/\/geodora-parfums.com\/en\/produits\/swing-neroli\/#breadcrumb"},"inLanguage":"en-US","potentialAction":[{"@type":"ReadAction","target":["https:\/\/geodora-parfums.com\/en\/produits\/swing-neroli\/"]}]},{"@type":"ImageObject","inLanguage":"en-US","@id":"https:\/\/geodora-parfums.com\/en\/produits\/swing-neroli\/#primaryimage","url":"https:\/\/geodora-parfums.com\/wp-content\/uploads\/2025\/08\/IMG_4953-scaled-e1755511724626.jpeg","contentUrl":"https:\/\/geodora-parfums.com\/wp-content\/uploads\/2025\/08\/IMG_4953-scaled-e1755511724626.jpeg","width":2048,"height":2560},{"@type":"BreadcrumbList","@id":"https:\/\/geodora-parfums.com\/en\/produits\/swing-neroli\/#breadcrumb","itemListElement":[{"@type":"ListItem","position":1,"name":"Accueil","item":"https:\/\/geodora-parfums.com\/en\/"},{"@type":"ListItem","position":2,"name":"Homepage","item":"https:\/\/geodora-parfums.com\/en\/"},{"@type":"ListItem","position":3,"name":"Our extrait de parfum","item":"https:\/\/geodora-parfums.com\/en\/categories\/our-extrait-de-parfum\/"},{"@type":"ListItem","position":4,"name":"Swing N\u00e9roli"}]},{"@type":"WebSite","@id":"https:\/\/geodora-parfums.com\/en\/#website","url":"https:\/\/geodora-parfums.com\/en\/","name":"Geodora","description":"Parfumeur en provence","publisher":{"@id":"https:\/\/geodora-parfums.com\/en\/#organization"},"potentialAction":[{"@type":"SearchAction","target":{"@type":"EntryPoint","urlTemplate":"https:\/\/geodora-parfums.com\/en\/?s={search_term_string}"},"query-input":{"@type":"PropertyValueSpecification","valueRequired":true,"valueName":"search_term_string"}}],"inLanguage":"en-US"},{"@type":"Organization","@id":"https:\/\/geodora-parfums.com\/en\/#organization","name":"GEODORA Parfums","url":"https:\/\/geodora-parfums.com\/en\/","logo":{"@type":"ImageObject","inLanguage":"en-US","@id":"https:\/\/geodora-parfums.com\/en\/#\/schema\/logo\/image\/","url":"https:\/\/geodora-parfums.com\/wp-content\/uploads\/2021\/09\/logo.png","contentUrl":"https:\/\/geodora-parfums.com\/wp-content\/uploads\/2021\/09\/logo.png","width":1084,"height":1084,"caption":"GEODORA Parfums"},"image":{"@id":"https:\/\/geodora-parfums.com\/en\/#\/schema\/logo\/image\/"},"sameAs":["https:\/\/www.instagram.com\/geodoraparfums\/?hl=fr","https:\/\/www.linkedin.com\/company\/geodora-parfums\/"]}]}},"_links":{"self":[{"href":"https:\/\/geodora-parfums.com\/en\/wp-json\/wp\/v2\/product\/10742","targetHints":{"allow":["GET"]}}],"collection":[{"href":"https:\/\/geodora-parfums.com\/en\/wp-json\/wp\/v2\/product"}],"about":[{"href":"https:\/\/geodora-parfums.com\/en\/wp-json\/wp\/v2\/types\/product"}],"replies":[{"embeddable":true,"href":"https:\/\/geodora-parfums.com\/en\/wp-json\/wp\/v2\/comments?post=10742"}],"wp:featuredmedia":[{"embeddable":true,"href":"https:\/\/geodora-parfums.com\/en\/wp-json\/wp\/v2\/media\/11072"}],"wp:attachment":[{"href":"https:\/\/geodora-parfums.com\/en\/wp-json\/wp\/v2\/media?parent=10742"}],"wp:term":[{"taxonomy":"product_brand","embeddable":true,"href":"https:\/\/geodora-parfums.com\/en\/wp-json\/wp\/v2\/product_brand?post=10742"},{"taxonomy":"product_cat","embeddable":true,"href":"https:\/\/geodora-parfums.com\/en\/wp-json\/wp\/v2\/product_cat?post=10742"},{"taxonomy":"product_tag","embeddable":true,"href":"https:\/\/geodora-parfums.com\/en\/wp-json\/wp\/v2\/product_tag?post=10742"}],"curies":[{"name":"wp","href":"https:\/\/api.w.org\/{rel}","templated":true}]}}