{"id":2741,"date":"2021-10-11T10:18:19","date_gmt":"2021-10-11T08:18:19","guid":{"rendered":"https:\/\/geodora-parfums.com\/legal-information\/"},"modified":"2021-10-11T10:40:24","modified_gmt":"2021-10-11T08:40:24","slug":"legal-information","status":"publish","type":"page","link":"https:\/\/geodora-parfums.com\/en\/legal-information\/","title":{"rendered":"Legal Information"},"content":{"rendered":"<div class=\"block geodora-texte-fullwidth transparent none\">\n    <div class=\"container\">\n        <div class=\"grid grid-cols-0 md:grid-cols-12 lg:grid-cols-12 xl:grid-cols-12\">\n            <div class=\"content-description md:col-start-1 md:col-end-13 lg:col-start-1 lg:col-end-13 xl:col-start-1 xl:col-end-13\">\n                <p>The website www.restaurants-altitude.com and all its text, graphics and sound elements it consists of belong to ART LIQUIDE &#8211; PARFUMEUR ETHIQUE unless explicitly mentioned otherwise.<\/p>\n<p>This entire site is governed by French and international legislation on copyright and intellectual property. All copyrights are reserved, including all iconographic and photographic documents.<\/p>\n<p><strong>HEADQUARTERS<\/strong><\/p>\n<p>&nbsp;<\/p>\n<p style=\"text-align: left;\">ART LIQUIDE PARFUMEUR \u00c9THIQUE<strong><br \/>\n<\/strong>642 Chemin du Villaron<strong><br \/>\n<\/strong>83440 Montauroux<br \/>\nT\u00e9l : 09 74 97 05 01<\/p>\n<p style=\"text-align: left;\">Email: contact@geodora-parfums.com<\/p>\n<p style=\"text-align: left;\">N\u00b0 SIREN :\u00a0<a href=\"https:\/\/www.societe.com\/etablissement\/art-liquide-parfumeur-ethique-88069858400021.html\">88069858400021<\/a><\/p>\n<p style=\"text-align: left;\">Activit\u00e9 : Commerce de d\u00e9tail de parfumerie et de produits de beaut\u00e9 en magasin sp\u00e9cialis\u00e9 (4775Z)<\/p>\n<p>The information on this website may contain technical inaccuracies or typographical errors. This information can be periodically changed. ART LIQUIDE PARFUMEUR \u00c9THIQUE can make improvements or changes to the site without prior notice. Please refer to the website administrator for all remarks about the site&#8217;s content or how it works.<\/p>\n<p>&nbsp;<\/p>\n<p><strong>WEBSITE CREDIT<\/strong><\/p>\n<p>Creation and hosting: <a href=\"https:\/\/maisondunet.com\/\">Maison du Net (WEB74)<\/a> Annecy.<\/p>\n<p style=\"text-align: left;\">Photography and media:<\/p>\n<p style=\"text-align: left;\">Photographies et m\u00e9dias : ART LIQUIDE &#8211; PARFUMEUR ETHIQUE<\/p>\n<p style=\"text-align: left;\">Unsplash, Pexels, adobestock, shutterstock<\/p>\n<p>&nbsp;<\/p>\n<p><strong>PERSONAL DATA<\/strong><\/p>\n<p>In accordance with the law, internet users have the right to access, rectify, modify and delete their personal data. To find out more, consult our confidentiality policy.<\/p>\n<p>&nbsp;<\/p>\n<p><strong>COOKIES<\/strong><\/p>\n<p>For statistical and display purposes, this site uses cookies. These are text files stored on a hard disk to record technical data about your browsing. Some parts of the site may be blocked if you don\u2019t accept cookies.<\/p>\n<p>&nbsp;<\/p>\n<p><strong>THE PURPOSE OF COOKIES<\/strong><\/p>\n<p>We use cookies for the sole purpose of improving the quality of our services.<\/p>\n<p>This data is not communicated to any third party whatsoever.<\/p>\n<p>Google Analytics is used anonymously to improve the user experience on our website.<\/p>\n<p>&nbsp;<\/p>\n<p><strong>YOUR CHOICES CONCERNING COOKIES<\/strong><\/p>\n<p>At any time, you can choose whether or not to accept cookies.<\/p>\n<p>If you accept cookies being recorded on your device, the cookies embedded in the pages and content you have viewed may be temporarily stored in a dedicated area. They can only be read by their transmitter.<\/p>\n<p>If you refuse to accept cookies on your device, you may no longer have access to a number of features. If necessary, we decline liability for the consequences of the malfunction of our services resulting from the impossibility to record those cookies necessary for the site to operate correctly.<\/p>\n<p>&nbsp;<\/p>\n<p><strong>DELETING COOKIES\u00a0<\/strong><\/p>\n<p>You can delete cookies from our website at any time. To delete cookies, please refer to these guides depending on the browser used:<\/p>\n<ul style=\"text-align: left;\">\n<li><a href=\"https:\/\/support.mozilla.org\/fr\/kb\/effacer-les-cookies-pour-supprimer-les-information\">Firefox<\/a><\/li>\n<li><a href=\"https:\/\/support.google.com\/accounts\/answer\/32050?co=GENIE.Platform%3DDesktop&amp;hl=fr&amp;oco=1\">Chrome<\/a><\/li>\n<li><a href=\"https:\/\/support.apple.com\/kb\/ph21411?locale=fr_CA\">Safari<\/a><\/li>\n<li><a href=\"https:\/\/www.opera.com\/help\/tutorials\/security\/privacy\/\">Op\u00e9ra<\/a><\/li>\n<li><a href=\"https:\/\/privacy.microsoft.com\/fr-fr\/windows-10-microsoft-edge-and-privacy\">Edge<\/a><\/li>\n<\/ul>\n<p>&nbsp;<\/p>\n<p><strong>REFUSE COOKIES<\/strong><\/p>\n<p>Refusal to install a cookie may result in the inability to access certain services. You have the right to refuse cookies. You can refuse cookies by following these steps:<\/p>\n<ul>\n<li style=\"text-align: left;\"><a href=\"https:\/\/support.mozilla.org\/fr\/kb\/empecher-sites-enregistrer-preferences\">Firefox<\/a><\/li>\n<li style=\"text-align: left;\"><a href=\"https:\/\/support.google.com\/chrome\/answer\/95647?co=GENIE.Platform%3DDesktop&amp;hl=fr\">Chrome<\/a><\/li>\n<li style=\"text-align: left;\"><a href=\"https:\/\/support.apple.com\/fr-fr\/guide\/safari\/sfri11471\/mac\">Safari<\/a><\/li>\n<li style=\"text-align: left;\"><a href=\"https:\/\/privacy.microsoft.com\/fr-fr\/windows-10-microsoft-edge-and-privacy\">Edge<\/a><\/li>\n<li style=\"text-align: left;\"><a href=\"https:\/\/www.opera.com\/help\/tutorials\/security\/privacy\/\">Op\u00e9ra<\/a><\/li>\n<\/ul>\n            <\/div>\n        <\/div>\n    <\/div>\n<\/div>\n\n\n\n<p><\/p>\n","protected":false},"excerpt":{"rendered":"","protected":false},"author":1,"featured_media":0,"parent":0,"menu_order":0,"comment_status":"closed","ping_status":"closed","template":"","meta":{"_acf_changed":false,"footnotes":""},"class_list":["post-2741","page","type-page","status-publish","hentry"],"acf":[],"yoast_head":"<!-- This site is optimized with the Yoast SEO plugin v27.4 - https:\/\/yoast.com\/product\/yoast-seo-wordpress\/ -->\n<title>Legal Information - Geodora<\/title>\n<meta name=\"robots\" content=\"index, follow, max-snippet:-1, max-image-preview:large, max-video-preview:-1\" \/>\n<link rel=\"canonical\" href=\"https:\/\/geodora-parfums.com\/en\/legal-information\/\" \/>\n<meta property=\"og:locale\" content=\"en_US\" \/>\n<meta property=\"og:type\" content=\"article\" \/>\n<meta property=\"og:title\" content=\"Legal Information - Geodora\" \/>\n<meta property=\"og:url\" content=\"https:\/\/geodora-parfums.com\/en\/legal-information\/\" \/>\n<meta property=\"og:site_name\" content=\"Geodora\" \/>\n<meta property=\"article:modified_time\" content=\"2021-10-11T08:40:24+00:00\" \/>\n<meta name=\"twitter:card\" content=\"summary_large_image\" \/>\n<script type=\"application\/ld+json\" class=\"yoast-schema-graph\">{\"@context\":\"https:\\\/\\\/schema.org\",\"@graph\":[{\"@type\":\"WebPage\",\"@id\":\"https:\\\/\\\/geodora-parfums.com\\\/en\\\/legal-information\\\/\",\"url\":\"https:\\\/\\\/geodora-parfums.com\\\/en\\\/legal-information\\\/\",\"name\":\"Legal Information - Geodora\",\"isPartOf\":{\"@id\":\"https:\\\/\\\/geodora-parfums.com\\\/en\\\/#website\"},\"datePublished\":\"2021-10-11T08:18:19+00:00\",\"dateModified\":\"2021-10-11T08:40:24+00:00\",\"breadcrumb\":{\"@id\":\"https:\\\/\\\/geodora-parfums.com\\\/en\\\/legal-information\\\/#breadcrumb\"},\"inLanguage\":\"en-US\",\"potentialAction\":[{\"@type\":\"ReadAction\",\"target\":[\"https:\\\/\\\/geodora-parfums.com\\\/en\\\/legal-information\\\/\"]}]},{\"@type\":\"BreadcrumbList\",\"@id\":\"https:\\\/\\\/geodora-parfums.com\\\/en\\\/legal-information\\\/#breadcrumb\",\"itemListElement\":[{\"@type\":\"ListItem\",\"position\":1,\"name\":\"Accueil\",\"item\":\"https:\\\/\\\/geodora-parfums.com\\\/en\\\/\"},{\"@type\":\"ListItem\",\"position\":2,\"name\":\"Legal Information\"}]},{\"@type\":\"WebSite\",\"@id\":\"https:\\\/\\\/geodora-parfums.com\\\/en\\\/#website\",\"url\":\"https:\\\/\\\/geodora-parfums.com\\\/en\\\/\",\"name\":\"Geodora\",\"description\":\"Parfumeur en provence\",\"publisher\":{\"@id\":\"https:\\\/\\\/geodora-parfums.com\\\/en\\\/#organization\"},\"potentialAction\":[{\"@type\":\"SearchAction\",\"target\":{\"@type\":\"EntryPoint\",\"urlTemplate\":\"https:\\\/\\\/geodora-parfums.com\\\/en\\\/?s={search_term_string}\"},\"query-input\":{\"@type\":\"PropertyValueSpecification\",\"valueRequired\":true,\"valueName\":\"search_term_string\"}}],\"inLanguage\":\"en-US\"},{\"@type\":\"Organization\",\"@id\":\"https:\\\/\\\/geodora-parfums.com\\\/en\\\/#organization\",\"name\":\"GEODORA Parfums\",\"url\":\"https:\\\/\\\/geodora-parfums.com\\\/en\\\/\",\"logo\":{\"@type\":\"ImageObject\",\"inLanguage\":\"en-US\",\"@id\":\"https:\\\/\\\/geodora-parfums.com\\\/en\\\/#\\\/schema\\\/logo\\\/image\\\/\",\"url\":\"https:\\\/\\\/geodora-parfums.com\\\/wp-content\\\/uploads\\\/2021\\\/09\\\/logo.png\",\"contentUrl\":\"https:\\\/\\\/geodora-parfums.com\\\/wp-content\\\/uploads\\\/2021\\\/09\\\/logo.png\",\"width\":1084,\"height\":1084,\"caption\":\"GEODORA Parfums\"},\"image\":{\"@id\":\"https:\\\/\\\/geodora-parfums.com\\\/en\\\/#\\\/schema\\\/logo\\\/image\\\/\"},\"sameAs\":[\"https:\\\/\\\/www.instagram.com\\\/geodoraparfums\\\/?hl=fr\",\"https:\\\/\\\/www.linkedin.com\\\/company\\\/geodora-parfums\\\/\"]}]}<\/script>\n<!-- \/ Yoast SEO plugin. -->","yoast_head_json":{"title":"Legal Information - Geodora","robots":{"index":"index","follow":"follow","max-snippet":"max-snippet:-1","max-image-preview":"max-image-preview:large","max-video-preview":"max-video-preview:-1"},"canonical":"https:\/\/geodora-parfums.com\/en\/legal-information\/","og_locale":"en_US","og_type":"article","og_title":"Legal Information - Geodora","og_url":"https:\/\/geodora-parfums.com\/en\/legal-information\/","og_site_name":"Geodora","article_modified_time":"2021-10-11T08:40:24+00:00","twitter_card":"summary_large_image","schema":{"@context":"https:\/\/schema.org","@graph":[{"@type":"WebPage","@id":"https:\/\/geodora-parfums.com\/en\/legal-information\/","url":"https:\/\/geodora-parfums.com\/en\/legal-information\/","name":"Legal Information - Geodora","isPartOf":{"@id":"https:\/\/geodora-parfums.com\/en\/#website"},"datePublished":"2021-10-11T08:18:19+00:00","dateModified":"2021-10-11T08:40:24+00:00","breadcrumb":{"@id":"https:\/\/geodora-parfums.com\/en\/legal-information\/#breadcrumb"},"inLanguage":"en-US","potentialAction":[{"@type":"ReadAction","target":["https:\/\/geodora-parfums.com\/en\/legal-information\/"]}]},{"@type":"BreadcrumbList","@id":"https:\/\/geodora-parfums.com\/en\/legal-information\/#breadcrumb","itemListElement":[{"@type":"ListItem","position":1,"name":"Accueil","item":"https:\/\/geodora-parfums.com\/en\/"},{"@type":"ListItem","position":2,"name":"Legal Information"}]},{"@type":"WebSite","@id":"https:\/\/geodora-parfums.com\/en\/#website","url":"https:\/\/geodora-parfums.com\/en\/","name":"Geodora","description":"Parfumeur en provence","publisher":{"@id":"https:\/\/geodora-parfums.com\/en\/#organization"},"potentialAction":[{"@type":"SearchAction","target":{"@type":"EntryPoint","urlTemplate":"https:\/\/geodora-parfums.com\/en\/?s={search_term_string}"},"query-input":{"@type":"PropertyValueSpecification","valueRequired":true,"valueName":"search_term_string"}}],"inLanguage":"en-US"},{"@type":"Organization","@id":"https:\/\/geodora-parfums.com\/en\/#organization","name":"GEODORA Parfums","url":"https:\/\/geodora-parfums.com\/en\/","logo":{"@type":"ImageObject","inLanguage":"en-US","@id":"https:\/\/geodora-parfums.com\/en\/#\/schema\/logo\/image\/","url":"https:\/\/geodora-parfums.com\/wp-content\/uploads\/2021\/09\/logo.png","contentUrl":"https:\/\/geodora-parfums.com\/wp-content\/uploads\/2021\/09\/logo.png","width":1084,"height":1084,"caption":"GEODORA Parfums"},"image":{"@id":"https:\/\/geodora-parfums.com\/en\/#\/schema\/logo\/image\/"},"sameAs":["https:\/\/www.instagram.com\/geodoraparfums\/?hl=fr","https:\/\/www.linkedin.com\/company\/geodora-parfums\/"]}]}},"_links":{"self":[{"href":"https:\/\/geodora-parfums.com\/en\/wp-json\/wp\/v2\/pages\/2741","targetHints":{"allow":["GET"]}}],"collection":[{"href":"https:\/\/geodora-parfums.com\/en\/wp-json\/wp\/v2\/pages"}],"about":[{"href":"https:\/\/geodora-parfums.com\/en\/wp-json\/wp\/v2\/types\/page"}],"author":[{"embeddable":true,"href":"https:\/\/geodora-parfums.com\/en\/wp-json\/wp\/v2\/users\/1"}],"replies":[{"embeddable":true,"href":"https:\/\/geodora-parfums.com\/en\/wp-json\/wp\/v2\/comments?post=2741"}],"version-history":[{"count":5,"href":"https:\/\/geodora-parfums.com\/en\/wp-json\/wp\/v2\/pages\/2741\/revisions"}],"predecessor-version":[{"id":3302,"href":"https:\/\/geodora-parfums.com\/en\/wp-json\/wp\/v2\/pages\/2741\/revisions\/3302"}],"wp:attachment":[{"href":"https:\/\/geodora-parfums.com\/en\/wp-json\/wp\/v2\/media?parent=2741"}],"curies":[{"name":"wp","href":"https:\/\/api.w.org\/{rel}","templated":true}]}}