{"id":2468,"date":"2021-10-19T14:32:14","date_gmt":"2021-10-19T12:32:14","guid":{"rendered":"https:\/\/geodora-parfums.com\/?page_id=2468"},"modified":"2021-10-19T14:38:39","modified_gmt":"2021-10-19T12:38:39","slug":"professionals","status":"publish","type":"page","link":"https:\/\/geodora-parfums.com\/en\/professionals\/","title":{"rendered":"Professionals"},"content":{"rendered":"<div class=\"block geodora-texte-fullwidth transparent decorator-right-mandarine__1\">\n    <div class=\"container\">\n        <div class=\"grid grid-cols-0 md:grid-cols-12 lg:grid-cols-12 xl:grid-cols-12\">\n            <div class=\"content-description md:col-start-3 md:col-end-11 lg:col-start-3 lg:col-end-11 xl:col-start-4 xl:col-end-10\">\n                <p style=\"text-align: center;\">Our region attracts a large number of French and international customers. In order to seduce them and keep them loyal, you work every day to offer them exclusive products and services of impeccable quality, just like GEODORA offers.<br \/>\nPerfumes developed in our laboratories in Montauroux, with the most beautiful essences, by a perfumer who has been creating for the most famous brands for many years.<br \/>\nProducts for the shower (solid and liquid handmade soaps, body and hair), of natural origin, local, healthy and sustainable.<br \/>\nRemarkable essential oils, to be diffused to participate in the comfort and relaxation of your guests.<br \/>\nA perfumer&#8217;s workshop, held on the family property in Montauroux, offers a unique and memorable experience of immersion in the heart of the perfumer&#8217;s craft.<\/p>\n            <\/div>\n        <\/div>\n    <\/div>\n<\/div>\n\n\n<div class=\"block geodora-texte-fullwidth bg-green decorator-right-vanille__1\">\n    <div class=\"container\">\n        <div class=\"grid grid-cols-0 md:grid-cols-12 lg:grid-cols-12 xl:grid-cols-12\">\n            <div class=\"content-description md:col-start-3 md:col-end-11 lg:col-start-3 lg:col-end-11 xl:col-start-4 xl:col-end-10\">\n                <h2 style=\"text-align: center;\">Register at<\/h2>\n<h3 class=\"h5\" style=\"text-align: center;\">And benefit from preferential rates<\/h3>\n<p style=\"text-align: center;\">Choosing to offer GEODORA to your clients will allow you to increase their satisfaction and loyalty while generating additional business income.<\/p>\n<div class=\"btn-content\">\n<p style=\"text-align: center;\"><a href=\"https:\/\/geodora-parfums.com\/en\/my-account\">Registration<\/a><\/p>\n<\/div>\n<p style=\"text-align: center;\"><a class=\"btn btn-outline\" href=\"https:\/\/geodora-parfums.com\/en\/my-account\">Already a customer? Sign in<\/a><\/p>\n            <\/div>\n        <\/div>\n    <\/div>\n<\/div>\n\n\n<div class=\"block geodora-multi-blocks none\">\n    <div class=\"container\">\n\n                    <h2>The meaning of GEODORA partnership is also<\/h2>\n        \n        <div class=\"grid grid-cols-0 xl:grid-cols-12\">\n            <div class=\"xl:col-start-2 xl:col-end-12\">\n                <div class=\"grid grid-cols-0 md:grid-cols-2 lg:grid-cols-3 xl:grid-cols-3\">\n                                                                        <div class=\"multi-block\">\n                                                                    <h3>a dedicated and available contact person<\/h3>\n                                                                                                                                    <p><span style=\"font-weight: 400;\">Vous \u00eates suivis par un conseiller r\u00e9f\u00e9rent GEODORA en charge de votre compte et qui s\u2019assure de votre enti\u00e8re satisfaction.<\/span><\/p>\n                                                            <\/div>\n                                                    <div class=\"multi-block\">\n                                                                    <h3>a frequent restocking<\/h3>\n                                                                                                                                    <p><span style=\"font-weight: 400;\">Savons solides en 25 gr, recharges grandes capacit\u00e9s des savons liquides, personnalisation des produits, faites nous part de vos besoins.<\/span><\/p>\n                                                            <\/div>\n                                                    <div class=\"multi-block\">\n                                                                    <h3>product formats adapted to your needs<\/h3>\n                                                                                                                                    <p><span style=\"font-weight: 400;\">Nous vous garantissons une livraison sous 3 \u00e0 5 jours ouvr\u00e9s maximum.<\/span><\/p>\n                                                            <\/div>\n                                                            <\/div>\n            <\/div>\n        <\/div>\n\n    <\/div>\n<\/div>\n","protected":false},"excerpt":{"rendered":"","protected":false},"author":3,"featured_media":0,"parent":0,"menu_order":0,"comment_status":"closed","ping_status":"closed","template":"","meta":{"_acf_changed":false,"footnotes":""},"class_list":["post-2468","page","type-page","status-publish","hentry"],"acf":[],"yoast_head":"<!-- This site is optimized with the Yoast SEO plugin v27.3 - https:\/\/yoast.com\/product\/yoast-seo-wordpress\/ -->\n<title>Professionals - Geodora<\/title>\n<meta name=\"robots\" content=\"index, follow, max-snippet:-1, max-image-preview:large, max-video-preview:-1\" \/>\n<link rel=\"canonical\" href=\"https:\/\/geodora-parfums.com\/en\/professionals\/\" \/>\n<meta property=\"og:locale\" content=\"en_US\" \/>\n<meta property=\"og:type\" content=\"article\" \/>\n<meta property=\"og:title\" content=\"Professionals - Geodora\" \/>\n<meta property=\"og:url\" content=\"https:\/\/geodora-parfums.com\/en\/professionals\/\" \/>\n<meta property=\"og:site_name\" content=\"Geodora\" \/>\n<meta property=\"article:modified_time\" content=\"2021-10-19T12:38:39+00:00\" \/>\n<meta name=\"twitter:card\" content=\"summary_large_image\" \/>\n<script type=\"application\/ld+json\" class=\"yoast-schema-graph\">{\"@context\":\"https:\\\/\\\/schema.org\",\"@graph\":[{\"@type\":\"WebPage\",\"@id\":\"https:\\\/\\\/geodora-parfums.com\\\/en\\\/professionals\\\/\",\"url\":\"https:\\\/\\\/geodora-parfums.com\\\/en\\\/professionals\\\/\",\"name\":\"Professionals - Geodora\",\"isPartOf\":{\"@id\":\"https:\\\/\\\/geodora-parfums.com\\\/en\\\/#website\"},\"datePublished\":\"2021-10-19T12:32:14+00:00\",\"dateModified\":\"2021-10-19T12:38:39+00:00\",\"breadcrumb\":{\"@id\":\"https:\\\/\\\/geodora-parfums.com\\\/en\\\/professionals\\\/#breadcrumb\"},\"inLanguage\":\"en-US\",\"potentialAction\":[{\"@type\":\"ReadAction\",\"target\":[\"https:\\\/\\\/geodora-parfums.com\\\/en\\\/professionals\\\/\"]}]},{\"@type\":\"BreadcrumbList\",\"@id\":\"https:\\\/\\\/geodora-parfums.com\\\/en\\\/professionals\\\/#breadcrumb\",\"itemListElement\":[{\"@type\":\"ListItem\",\"position\":1,\"name\":\"Accueil\",\"item\":\"https:\\\/\\\/geodora-parfums.com\\\/en\\\/\"},{\"@type\":\"ListItem\",\"position\":2,\"name\":\"Professionals\"}]},{\"@type\":\"WebSite\",\"@id\":\"https:\\\/\\\/geodora-parfums.com\\\/en\\\/#website\",\"url\":\"https:\\\/\\\/geodora-parfums.com\\\/en\\\/\",\"name\":\"Geodora\",\"description\":\"Parfumeur en provence\",\"publisher\":{\"@id\":\"https:\\\/\\\/geodora-parfums.com\\\/en\\\/#organization\"},\"potentialAction\":[{\"@type\":\"SearchAction\",\"target\":{\"@type\":\"EntryPoint\",\"urlTemplate\":\"https:\\\/\\\/geodora-parfums.com\\\/en\\\/?s={search_term_string}\"},\"query-input\":{\"@type\":\"PropertyValueSpecification\",\"valueRequired\":true,\"valueName\":\"search_term_string\"}}],\"inLanguage\":\"en-US\"},{\"@type\":\"Organization\",\"@id\":\"https:\\\/\\\/geodora-parfums.com\\\/en\\\/#organization\",\"name\":\"GEODORA Parfums\",\"url\":\"https:\\\/\\\/geodora-parfums.com\\\/en\\\/\",\"logo\":{\"@type\":\"ImageObject\",\"inLanguage\":\"en-US\",\"@id\":\"https:\\\/\\\/geodora-parfums.com\\\/en\\\/#\\\/schema\\\/logo\\\/image\\\/\",\"url\":\"https:\\\/\\\/geodora-parfums.com\\\/wp-content\\\/uploads\\\/2021\\\/09\\\/logo.png\",\"contentUrl\":\"https:\\\/\\\/geodora-parfums.com\\\/wp-content\\\/uploads\\\/2021\\\/09\\\/logo.png\",\"width\":1084,\"height\":1084,\"caption\":\"GEODORA Parfums\"},\"image\":{\"@id\":\"https:\\\/\\\/geodora-parfums.com\\\/en\\\/#\\\/schema\\\/logo\\\/image\\\/\"},\"sameAs\":[\"https:\\\/\\\/www.instagram.com\\\/geodoraparfums\\\/?hl=fr\",\"https:\\\/\\\/www.linkedin.com\\\/company\\\/geodora-parfums\\\/\"]}]}<\/script>\n<!-- \/ Yoast SEO plugin. -->","yoast_head_json":{"title":"Professionals - Geodora","robots":{"index":"index","follow":"follow","max-snippet":"max-snippet:-1","max-image-preview":"max-image-preview:large","max-video-preview":"max-video-preview:-1"},"canonical":"https:\/\/geodora-parfums.com\/en\/professionals\/","og_locale":"en_US","og_type":"article","og_title":"Professionals - Geodora","og_url":"https:\/\/geodora-parfums.com\/en\/professionals\/","og_site_name":"Geodora","article_modified_time":"2021-10-19T12:38:39+00:00","twitter_card":"summary_large_image","schema":{"@context":"https:\/\/schema.org","@graph":[{"@type":"WebPage","@id":"https:\/\/geodora-parfums.com\/en\/professionals\/","url":"https:\/\/geodora-parfums.com\/en\/professionals\/","name":"Professionals - Geodora","isPartOf":{"@id":"https:\/\/geodora-parfums.com\/en\/#website"},"datePublished":"2021-10-19T12:32:14+00:00","dateModified":"2021-10-19T12:38:39+00:00","breadcrumb":{"@id":"https:\/\/geodora-parfums.com\/en\/professionals\/#breadcrumb"},"inLanguage":"en-US","potentialAction":[{"@type":"ReadAction","target":["https:\/\/geodora-parfums.com\/en\/professionals\/"]}]},{"@type":"BreadcrumbList","@id":"https:\/\/geodora-parfums.com\/en\/professionals\/#breadcrumb","itemListElement":[{"@type":"ListItem","position":1,"name":"Accueil","item":"https:\/\/geodora-parfums.com\/en\/"},{"@type":"ListItem","position":2,"name":"Professionals"}]},{"@type":"WebSite","@id":"https:\/\/geodora-parfums.com\/en\/#website","url":"https:\/\/geodora-parfums.com\/en\/","name":"Geodora","description":"Parfumeur en provence","publisher":{"@id":"https:\/\/geodora-parfums.com\/en\/#organization"},"potentialAction":[{"@type":"SearchAction","target":{"@type":"EntryPoint","urlTemplate":"https:\/\/geodora-parfums.com\/en\/?s={search_term_string}"},"query-input":{"@type":"PropertyValueSpecification","valueRequired":true,"valueName":"search_term_string"}}],"inLanguage":"en-US"},{"@type":"Organization","@id":"https:\/\/geodora-parfums.com\/en\/#organization","name":"GEODORA Parfums","url":"https:\/\/geodora-parfums.com\/en\/","logo":{"@type":"ImageObject","inLanguage":"en-US","@id":"https:\/\/geodora-parfums.com\/en\/#\/schema\/logo\/image\/","url":"https:\/\/geodora-parfums.com\/wp-content\/uploads\/2021\/09\/logo.png","contentUrl":"https:\/\/geodora-parfums.com\/wp-content\/uploads\/2021\/09\/logo.png","width":1084,"height":1084,"caption":"GEODORA Parfums"},"image":{"@id":"https:\/\/geodora-parfums.com\/en\/#\/schema\/logo\/image\/"},"sameAs":["https:\/\/www.instagram.com\/geodoraparfums\/?hl=fr","https:\/\/www.linkedin.com\/company\/geodora-parfums\/"]}]}},"_links":{"self":[{"href":"https:\/\/geodora-parfums.com\/en\/wp-json\/wp\/v2\/pages\/2468","targetHints":{"allow":["GET"]}}],"collection":[{"href":"https:\/\/geodora-parfums.com\/en\/wp-json\/wp\/v2\/pages"}],"about":[{"href":"https:\/\/geodora-parfums.com\/en\/wp-json\/wp\/v2\/types\/page"}],"author":[{"embeddable":true,"href":"https:\/\/geodora-parfums.com\/en\/wp-json\/wp\/v2\/users\/3"}],"replies":[{"embeddable":true,"href":"https:\/\/geodora-parfums.com\/en\/wp-json\/wp\/v2\/comments?post=2468"}],"version-history":[{"count":12,"href":"https:\/\/geodora-parfums.com\/en\/wp-json\/wp\/v2\/pages\/2468\/revisions"}],"predecessor-version":[{"id":3012,"href":"https:\/\/geodora-parfums.com\/en\/wp-json\/wp\/v2\/pages\/2468\/revisions\/3012"}],"wp:attachment":[{"href":"https:\/\/geodora-parfums.com\/en\/wp-json\/wp\/v2\/media?parent=2468"}],"curies":[{"name":"wp","href":"https:\/\/api.w.org\/{rel}","templated":true}]}}