{"id":2453,"date":"2021-10-19T11:53:43","date_gmt":"2021-10-19T09:53:43","guid":{"rendered":"https:\/\/geodora-parfums.com\/?page_id=2453"},"modified":"2021-10-19T12:07:54","modified_gmt":"2021-10-19T10:07:54","slug":"geodoras-journal","status":"publish","type":"page","link":"https:\/\/geodora-parfums.com\/en\/geodoras-journal\/","title":{"rendered":"Geodora&#8217;s journal"},"content":{"rendered":"<div class=\"blog\">\n    <div class=\"block categories-list\">\n        <div class=\"container\">\n            <div class=\"grid grid-cols-0 md:grid-cols-2 lg:grid-cols-3 xl:grid-cols-3\">\n                                    <a href=\"https:\/\/geodora-parfums.com\/en\/category\/news\/\" title=\"News\">\n                        <img decoding=\"async\" src=\"https:\/\/geodora-parfums.com\/wp-content\/uploads\/2021\/08\/Photo-rubrique-journal-1.jpg\" alt=\"News\" \/>\n                        <h2 class=\"h2-white\">News<\/h2>\n                    <\/a>\n                                    <a href=\"https:\/\/geodora-parfums.com\/en\/category\/partners-addresses\/\" title=\"Partners &amp; Addresses\">\n                        <img decoding=\"async\" src=\"https:\/\/geodora-parfums.com\/wp-content\/uploads\/2021\/08\/rubrique-PARTENAIRES-et-ADRESSES.jpg\" alt=\"Partners &amp; Addresses\" \/>\n                        <h2 class=\"h2-white\">Partners &amp; Addresses<\/h2>\n                    <\/a>\n                                    <a href=\"https:\/\/geodora-parfums.com\/en\/category\/press\/\" title=\"Press\">\n                        <img decoding=\"async\" src=\"https:\/\/geodora-parfums.com\/wp-content\/uploads\/2021\/08\/parfumeur-presse.jpg\" alt=\"Press\" \/>\n                        <h2 class=\"h2-white\">Press<\/h2>\n                    <\/a>\n                            <\/div>\n        <\/div>\n    <\/div>\n<\/div>\n\n<div class=\"block geodora-latest-post decorator-left-lavande__2\">\n    <div class=\"container\">\n        <aside>\n            \n            \n                                    <h2 class=\"h2-creme\">Le journal du parfumeur<\/h2>\n                \n                <div class=\"cards grid grid-cols-0 md:grid-cols-2 lg:grid-cols-3 xl:grid-cols-3\">\n                                            <div class=\"card\">\n                            <div class=\"card--image\">\n                                <img fetchpriority=\"high\" decoding=\"async\" width=\"1024\" height=\"1024\" src=\"https:\/\/geodora-parfums.com\/wp-content\/uploads\/2025\/12\/APHRO-DANS-FOUGERES-1.jpg\" class=\"attachment-post-thumbnail size-post-thumbnail wp-post-image\" alt=\"\" srcset=\"https:\/\/geodora-parfums.com\/wp-content\/uploads\/2025\/12\/APHRO-DANS-FOUGERES-1.jpg 1024w, https:\/\/geodora-parfums.com\/wp-content\/uploads\/2025\/12\/APHRO-DANS-FOUGERES-1-300x300.jpg 300w, https:\/\/geodora-parfums.com\/wp-content\/uploads\/2025\/12\/APHRO-DANS-FOUGERES-1-150x150.jpg 150w, https:\/\/geodora-parfums.com\/wp-content\/uploads\/2025\/12\/APHRO-DANS-FOUGERES-1-768x768.jpg 768w, https:\/\/geodora-parfums.com\/wp-content\/uploads\/2025\/12\/APHRO-DANS-FOUGERES-1-600x600.jpg 600w, https:\/\/geodora-parfums.com\/wp-content\/uploads\/2025\/12\/APHRO-DANS-FOUGERES-1-100x100.jpg 100w\" sizes=\"(max-width: 1024px) 100vw, 1024px\" \/>                            <\/div>\n                            <div class=\"card--content\">\n                                <h3>Que contiennent nos parfums ?  GEODORA r\u00e9affirme ses engagements \u00e9thiques et responsables qui vous garantissent des produits beaux et sains<\/h3>\n                                                                <div class=\"card--bottom\">\n                                    <div class=\"date\">\n                                        10\/12\/2025                                    <\/div>\n                                    <a href=\"https:\/\/geodora-parfums.com\/en\/que-contiennent-nos-parfums-geodora-reaffirme-ses-engagements-ethiques-et-responsables-qui-vous-garantissent-des-produits-beaux-et-sains\/\" class=\"btn btn-outline\">\n                                        Read more                                    <\/a>\n                                <\/div>\n                            <\/div>\n                        <\/div>\n                                            <div class=\"card\">\n                            <div class=\"card--image\">\n                                <img decoding=\"async\" width=\"600\" height=\"450\" src=\"https:\/\/geodora-parfums.com\/wp-content\/uploads\/2025\/12\/image-1.jpeg\" class=\"attachment-post-thumbnail size-post-thumbnail wp-post-image\" alt=\"\" srcset=\"https:\/\/geodora-parfums.com\/wp-content\/uploads\/2025\/12\/image-1.jpeg 600w, https:\/\/geodora-parfums.com\/wp-content\/uploads\/2025\/12\/image-1-300x225.jpeg 300w\" sizes=\"(max-width: 600px) 100vw, 600px\" \/>                            <\/div>\n                            <div class=\"card--content\">\n                                <h3>GEODORA soutient Ocean Quest France pour prot\u00e9ger le corail m\u00e9diterran\u00e9en<\/h3>\n                                                                <div class=\"card--bottom\">\n                                    <div class=\"date\">\n                                        09\/12\/2025                                    <\/div>\n                                    <a href=\"https:\/\/geodora-parfums.com\/en\/geodora-soutient-ocean-quest-france-pour-proteger-le-corail-mediterraneen\/\" class=\"btn btn-outline\">\n                                        Read more                                    <\/a>\n                                <\/div>\n                            <\/div>\n                        <\/div>\n                                            <div class=\"card\">\n                            <div class=\"card--image\">\n                                <img decoding=\"async\" width=\"1365\" height=\"1024\" src=\"https:\/\/geodora-parfums.com\/wp-content\/uploads\/2025\/08\/IMG_4164-scaled.jpg\" class=\"attachment-post-thumbnail size-post-thumbnail wp-post-image\" alt=\"\" srcset=\"https:\/\/geodora-parfums.com\/wp-content\/uploads\/2025\/08\/IMG_4164-scaled.jpg 1365w, https:\/\/geodora-parfums.com\/wp-content\/uploads\/2025\/08\/IMG_4164-300x225.jpg 300w, https:\/\/geodora-parfums.com\/wp-content\/uploads\/2025\/08\/IMG_4164-1024x768.jpg 1024w, https:\/\/geodora-parfums.com\/wp-content\/uploads\/2025\/08\/IMG_4164-768x576.jpg 768w, https:\/\/geodora-parfums.com\/wp-content\/uploads\/2025\/08\/IMG_4164-600x450.jpg 600w\" sizes=\"(max-width: 1365px) 100vw, 1365px\" \/>                            <\/div>\n                            <div class=\"card--content\">\n                                <h3>GEODORA is indeed the most environmentally conscious perfume brand, with our recent investments in sourcing 100% of our energy from renewable and sustainable sources.<\/h3>\n                                <p>This choice is not incidental. It is fully aligned with our commitment to a sustainable, responsible, and environmentally respectful future. At GEODORA, respect for nature is at the core of everything we do. The very name GEODORA means &#8220;the gift of the Earth,&#8221; a powerful expression of our deep conviction: nature is a treasure, and [&hellip;]<\/p>\n                                <div class=\"card--bottom\">\n                                    <div class=\"date\">\n                                        07\/08\/2025                                    <\/div>\n                                    <a href=\"https:\/\/geodora-parfums.com\/en\/geodora-is-indeed-the-most-environmentally-conscious-perfume-brand-with-our-recent-investments-in-sourcing-100-of-our-energy-from-renewable-and-sustainable-sources\/\" class=\"btn btn-outline\">\n                                        Read more                                    <\/a>\n                                <\/div>\n                            <\/div>\n                        <\/div>\n                                    <\/div>\n\n                \n            \n                        <div class=\"btn-centered\">\n                <a href=\"\/journal\/\" class=\"btn btn-variant\">\n                    See all articles                <\/a>\n            <\/div>\n        <\/aside>\n    <\/div>\n<\/div>\n","protected":false},"excerpt":{"rendered":"","protected":false},"author":3,"featured_media":0,"parent":0,"menu_order":0,"comment_status":"closed","ping_status":"closed","template":"","meta":{"_acf_changed":false,"footnotes":""},"class_list":["post-2453","page","type-page","status-publish","hentry"],"acf":[],"yoast_head":"<!-- This site is optimized with the Yoast SEO plugin v27.4 - https:\/\/yoast.com\/product\/yoast-seo-wordpress\/ -->\n<title>Geodora&#039;s journal - Geodora<\/title>\n<meta name=\"robots\" content=\"index, follow, max-snippet:-1, max-image-preview:large, max-video-preview:-1\" \/>\n<link rel=\"canonical\" href=\"https:\/\/geodora-parfums.com\/en\/geodoras-journal\/\" \/>\n<meta property=\"og:locale\" content=\"en_US\" \/>\n<meta property=\"og:type\" content=\"article\" \/>\n<meta property=\"og:title\" content=\"Geodora&#039;s journal - Geodora\" \/>\n<meta property=\"og:url\" content=\"https:\/\/geodora-parfums.com\/en\/geodoras-journal\/\" \/>\n<meta property=\"og:site_name\" content=\"Geodora\" \/>\n<meta property=\"article:modified_time\" content=\"2021-10-19T10:07:54+00:00\" \/>\n<meta name=\"twitter:card\" content=\"summary_large_image\" \/>\n<script type=\"application\/ld+json\" class=\"yoast-schema-graph\">{\"@context\":\"https:\\\/\\\/schema.org\",\"@graph\":[{\"@type\":\"WebPage\",\"@id\":\"https:\\\/\\\/geodora-parfums.com\\\/en\\\/geodoras-journal\\\/\",\"url\":\"https:\\\/\\\/geodora-parfums.com\\\/en\\\/geodoras-journal\\\/\",\"name\":\"Geodora's journal - Geodora\",\"isPartOf\":{\"@id\":\"https:\\\/\\\/geodora-parfums.com\\\/en\\\/#website\"},\"datePublished\":\"2021-10-19T09:53:43+00:00\",\"dateModified\":\"2021-10-19T10:07:54+00:00\",\"breadcrumb\":{\"@id\":\"https:\\\/\\\/geodora-parfums.com\\\/en\\\/geodoras-journal\\\/#breadcrumb\"},\"inLanguage\":\"en-US\",\"potentialAction\":[{\"@type\":\"ReadAction\",\"target\":[\"https:\\\/\\\/geodora-parfums.com\\\/en\\\/geodoras-journal\\\/\"]}]},{\"@type\":\"BreadcrumbList\",\"@id\":\"https:\\\/\\\/geodora-parfums.com\\\/en\\\/geodoras-journal\\\/#breadcrumb\",\"itemListElement\":[{\"@type\":\"ListItem\",\"position\":1,\"name\":\"Accueil\",\"item\":\"https:\\\/\\\/geodora-parfums.com\\\/en\\\/\"},{\"@type\":\"ListItem\",\"position\":2,\"name\":\"Geodora&rsquo;s journal\"}]},{\"@type\":\"WebSite\",\"@id\":\"https:\\\/\\\/geodora-parfums.com\\\/en\\\/#website\",\"url\":\"https:\\\/\\\/geodora-parfums.com\\\/en\\\/\",\"name\":\"Geodora\",\"description\":\"Parfumeur en provence\",\"publisher\":{\"@id\":\"https:\\\/\\\/geodora-parfums.com\\\/en\\\/#organization\"},\"potentialAction\":[{\"@type\":\"SearchAction\",\"target\":{\"@type\":\"EntryPoint\",\"urlTemplate\":\"https:\\\/\\\/geodora-parfums.com\\\/en\\\/?s={search_term_string}\"},\"query-input\":{\"@type\":\"PropertyValueSpecification\",\"valueRequired\":true,\"valueName\":\"search_term_string\"}}],\"inLanguage\":\"en-US\"},{\"@type\":\"Organization\",\"@id\":\"https:\\\/\\\/geodora-parfums.com\\\/en\\\/#organization\",\"name\":\"GEODORA Parfums\",\"url\":\"https:\\\/\\\/geodora-parfums.com\\\/en\\\/\",\"logo\":{\"@type\":\"ImageObject\",\"inLanguage\":\"en-US\",\"@id\":\"https:\\\/\\\/geodora-parfums.com\\\/en\\\/#\\\/schema\\\/logo\\\/image\\\/\",\"url\":\"https:\\\/\\\/geodora-parfums.com\\\/wp-content\\\/uploads\\\/2021\\\/09\\\/logo.png\",\"contentUrl\":\"https:\\\/\\\/geodora-parfums.com\\\/wp-content\\\/uploads\\\/2021\\\/09\\\/logo.png\",\"width\":1084,\"height\":1084,\"caption\":\"GEODORA Parfums\"},\"image\":{\"@id\":\"https:\\\/\\\/geodora-parfums.com\\\/en\\\/#\\\/schema\\\/logo\\\/image\\\/\"},\"sameAs\":[\"https:\\\/\\\/www.instagram.com\\\/geodoraparfums\\\/?hl=fr\",\"https:\\\/\\\/www.linkedin.com\\\/company\\\/geodora-parfums\\\/\"]}]}<\/script>\n<!-- \/ Yoast SEO plugin. -->","yoast_head_json":{"title":"Geodora's journal - Geodora","robots":{"index":"index","follow":"follow","max-snippet":"max-snippet:-1","max-image-preview":"max-image-preview:large","max-video-preview":"max-video-preview:-1"},"canonical":"https:\/\/geodora-parfums.com\/en\/geodoras-journal\/","og_locale":"en_US","og_type":"article","og_title":"Geodora's journal - Geodora","og_url":"https:\/\/geodora-parfums.com\/en\/geodoras-journal\/","og_site_name":"Geodora","article_modified_time":"2021-10-19T10:07:54+00:00","twitter_card":"summary_large_image","schema":{"@context":"https:\/\/schema.org","@graph":[{"@type":"WebPage","@id":"https:\/\/geodora-parfums.com\/en\/geodoras-journal\/","url":"https:\/\/geodora-parfums.com\/en\/geodoras-journal\/","name":"Geodora's journal - Geodora","isPartOf":{"@id":"https:\/\/geodora-parfums.com\/en\/#website"},"datePublished":"2021-10-19T09:53:43+00:00","dateModified":"2021-10-19T10:07:54+00:00","breadcrumb":{"@id":"https:\/\/geodora-parfums.com\/en\/geodoras-journal\/#breadcrumb"},"inLanguage":"en-US","potentialAction":[{"@type":"ReadAction","target":["https:\/\/geodora-parfums.com\/en\/geodoras-journal\/"]}]},{"@type":"BreadcrumbList","@id":"https:\/\/geodora-parfums.com\/en\/geodoras-journal\/#breadcrumb","itemListElement":[{"@type":"ListItem","position":1,"name":"Accueil","item":"https:\/\/geodora-parfums.com\/en\/"},{"@type":"ListItem","position":2,"name":"Geodora&rsquo;s journal"}]},{"@type":"WebSite","@id":"https:\/\/geodora-parfums.com\/en\/#website","url":"https:\/\/geodora-parfums.com\/en\/","name":"Geodora","description":"Parfumeur en provence","publisher":{"@id":"https:\/\/geodora-parfums.com\/en\/#organization"},"potentialAction":[{"@type":"SearchAction","target":{"@type":"EntryPoint","urlTemplate":"https:\/\/geodora-parfums.com\/en\/?s={search_term_string}"},"query-input":{"@type":"PropertyValueSpecification","valueRequired":true,"valueName":"search_term_string"}}],"inLanguage":"en-US"},{"@type":"Organization","@id":"https:\/\/geodora-parfums.com\/en\/#organization","name":"GEODORA Parfums","url":"https:\/\/geodora-parfums.com\/en\/","logo":{"@type":"ImageObject","inLanguage":"en-US","@id":"https:\/\/geodora-parfums.com\/en\/#\/schema\/logo\/image\/","url":"https:\/\/geodora-parfums.com\/wp-content\/uploads\/2021\/09\/logo.png","contentUrl":"https:\/\/geodora-parfums.com\/wp-content\/uploads\/2021\/09\/logo.png","width":1084,"height":1084,"caption":"GEODORA Parfums"},"image":{"@id":"https:\/\/geodora-parfums.com\/en\/#\/schema\/logo\/image\/"},"sameAs":["https:\/\/www.instagram.com\/geodoraparfums\/?hl=fr","https:\/\/www.linkedin.com\/company\/geodora-parfums\/"]}]}},"_links":{"self":[{"href":"https:\/\/geodora-parfums.com\/en\/wp-json\/wp\/v2\/pages\/2453","targetHints":{"allow":["GET"]}}],"collection":[{"href":"https:\/\/geodora-parfums.com\/en\/wp-json\/wp\/v2\/pages"}],"about":[{"href":"https:\/\/geodora-parfums.com\/en\/wp-json\/wp\/v2\/types\/page"}],"author":[{"embeddable":true,"href":"https:\/\/geodora-parfums.com\/en\/wp-json\/wp\/v2\/users\/3"}],"replies":[{"embeddable":true,"href":"https:\/\/geodora-parfums.com\/en\/wp-json\/wp\/v2\/comments?post=2453"}],"version-history":[{"count":9,"href":"https:\/\/geodora-parfums.com\/en\/wp-json\/wp\/v2\/pages\/2453\/revisions"}],"predecessor-version":[{"id":3016,"href":"https:\/\/geodora-parfums.com\/en\/wp-json\/wp\/v2\/pages\/2453\/revisions\/3016"}],"wp:attachment":[{"href":"https:\/\/geodora-parfums.com\/en\/wp-json\/wp\/v2\/media?parent=2453"}],"curies":[{"name":"wp","href":"https:\/\/api.w.org\/{rel}","templated":true}]}}