{"id":2443,"date":"2022-04-12T18:23:57","date_gmt":"2022-04-12T16:23:57","guid":{"rendered":"https:\/\/geodora-parfums.com\/?page_id=2443"},"modified":"2022-04-12T18:23:58","modified_gmt":"2022-04-12T16:23:58","slug":"our-history","status":"publish","type":"page","link":"https:\/\/geodora-parfums.com\/en\/our-history\/","title":{"rendered":"Our history"},"content":{"rendered":"<div class=\"block geodora-texte-image transparent decorator-right-mandarine__1 \">\n    <div class=\"container\">\n                    <h2 class=\"d-block lg:d-none\">THE WORD OF THE CREATOR<\/h2>\n                <div class=\"grid grid-cols-0 md:grid-cols-12 lg:grid-cols-12 xl:grid-cols-12\">\n                            <div class=\"content-description md:col-start-1 md:col-end-7 lg:col-start-1 lg:col-end-7 xl:col-start-1 xl:col-end-7\">\n                                            <h2 class=\"d-none lg:d-block\">THE WORD OF THE CREATOR<\/h2>\n                                        <blockquote><p>Nature is the source of some of the world\u2019s most sublime creations, including the fragile and treasured gift of its perfumes.<\/p>\n<p>GEODORA was born in Provence near Grasse and has been created with the aim of bringing a new approach to the luxurious world of perfumery where beauty and ethics are intertwined.<\/p>\n<p>The roots of perfumery are the source of all that is beautiful and pure and only the best ingredients are used in the GEODORA range. Ethically sourced lavender produced passionately in Provence, the bark of the bushman\u2019s candle shrub from the deserts of Namibia or black oud from the jungles of Borneo, our ingredients are superior, elegant and indulgent.<\/p>\n<p>&nbsp;<\/p>\n<p>Partnering with French suppliers renowned for their impeccable skill and expertise, all our products are proudly designed and manufactured in France.<\/p>\n<p>I have made some daring choices to enhance the quality of our perfumes, including a long maturation process to ensure the desired depth and quality is achieved, and optimal storage and packaging through the use of light-resistant aluminium<br \/>\nbottles.<br \/>\nOur Eaux de Parfums are outstanding in their refinement and elegance. These generous fragrances are sublimated by the incomparable radiance of natural ingredients that are the expression of daring and sustainable perfumery.<br \/>\nL\u2019\u00c9motion Nature is our range of essential oils and body products that perfectly complement our fragrances and are 100% natural in their origin.<\/p>\n<p><img decoding=\"async\" class=\"size-full wp-image-687 alignright\" src=\"https:\/\/geodora-parfums.com\/wp-content\/uploads\/2021\/08\/signature-Gerard-Gatti.png\" alt=\"signature G\u00e9rard Gatti cr\u00e9ateur de geodora\" width=\"110\" height=\"37\" \/><\/p>\n<p>&nbsp;<\/p><\/blockquote>\n                <\/div>\n                                        <div class=\"content-image md:col-start-7 md:col-end-13 lg:col-start-7 lg:col-end-13 xl:col-start-7 xl:col-end-13\"><img fetchpriority=\"high\" decoding=\"async\" width=\"490\" height=\"735\" src=\"https:\/\/geodora-parfums.com\/wp-content\/uploads\/2021\/08\/le-parfumeur.jpg\" class=\"attachment-full size-full\" alt=\"\" srcset=\"https:\/\/geodora-parfums.com\/wp-content\/uploads\/2021\/08\/le-parfumeur.jpg 490w, https:\/\/geodora-parfums.com\/wp-content\/uploads\/2021\/08\/le-parfumeur-200x300.jpg 200w\" sizes=\"(max-width: 490px) 100vw, 490px\" \/><\/div>\n                    <\/div>\n    <\/div>\n<\/div>\n\n\n<div class=\"block geodora-texte-image transparent none \">\n    <div class=\"container\">\n                    <h2 class=\"d-block lg:d-none\">Create beauty<\/h2>\n                <div class=\"grid grid-cols-0 md:grid-cols-12 lg:grid-cols-12 xl:grid-cols-12\">\n                            <div class=\"content-description md:col-start-7 md:col-end-13 lg:col-start-7 lg:col-end-13 xl:col-start-7 xl:col-end-13\">\n                                            <h2 class=\"d-none lg:d-block\">Create beauty<\/h2>\n                                        <p>At GEODORA, nothing is more important to us than the quality of our perfumes.<br \/>\nCreating a fragrance that will become an intimate part of the men and women who will wear it is an exciting but demanding process.<\/p>\n<p>To achieve our ambition of offering rare, generous and highly addictive fragrances, we have combined the following :<\/p>\n<p>&#8211; Time, it took us almost 2 years and hundreds of tests to create our 12 Eaux de Parfums,<\/p>\n<p>&#8211; Access to the most beautiful natural raw materials, without restrictions,<\/p>\n<p>&#8211; The experience of 30 years of creating for International brands.<\/p>\n                <\/div>\n                                        <div class=\"content-image md:col-start-1 md:col-end-7 lg:col-start-1 lg:col-end-7 xl:col-start-1 xl:col-end-7\"><img loading=\"lazy\" decoding=\"async\" width=\"735\" height=\"510\" src=\"https:\/\/geodora-parfums.com\/wp-content\/uploads\/2021\/08\/2-exigence-creer-du-beau.jpg\" class=\"attachment-full size-full\" alt=\"\" srcset=\"https:\/\/geodora-parfums.com\/wp-content\/uploads\/2021\/08\/2-exigence-creer-du-beau.jpg 735w, https:\/\/geodora-parfums.com\/wp-content\/uploads\/2021\/08\/2-exigence-creer-du-beau-300x208.jpg 300w, https:\/\/geodora-parfums.com\/wp-content\/uploads\/2021\/08\/2-exigence-creer-du-beau-600x416.jpg 600w\" sizes=\"(max-width: 735px) 100vw, 735px\" \/><\/div>\n                    <\/div>\n    <\/div>\n<\/div>\n\n\n<div class=\"block geodora-multi-blocks none\">\n    <div class=\"container\">\n\n                    <h2>Doing Good<\/h2>\n        \n        <div class=\"grid grid-cols-0 xl:grid-cols-12\">\n            <div class=\"xl:col-start-2 xl:col-end-12\">\n                <div class=\"grid grid-cols-0 md:grid-cols-2 lg:grid-cols-3 xl:grid-cols-3\">\n                                                                        <div class=\"multi-block\">\n                                                                    <h3>High performance packaging<\/h3>\n                                                                                                    <img loading=\"lazy\" decoding=\"async\" width=\"425\" height=\"320\" src=\"https:\/\/geodora-parfums.com\/wp-content\/uploads\/2021\/08\/3-emballage-haute-performance.jpg\" class=\"attachment-full size-full\" alt=\"emballage alluminium haute performance\" srcset=\"https:\/\/geodora-parfums.com\/wp-content\/uploads\/2021\/08\/3-emballage-haute-performance.jpg 425w, https:\/\/geodora-parfums.com\/wp-content\/uploads\/2021\/08\/3-emballage-haute-performance-300x226.jpg 300w\" sizes=\"(max-width: 425px) 100vw, 425px\" \/>                                                                                                    <p>The concern for the preservation of our perfumes and the requirement to be sustainable made us choose a container that we have always used in perfume factories : aluminum.<br \/>\nLight, unbreakable and opaque, it allows us to use a minimum of packaging, it is refillable and even repackable, and allows us to avoid using superfluous ingredients such as colorants or anti UV filters. It is thus the packaging that allows us to offer the best qualitative and eco-responsible performance.<\/p>\n                                                            <\/div>\n                                                    <div class=\"multi-block\">\n                                                                    <h3>A respectful modus operandi<\/h3>\n                                                                                                    <img loading=\"lazy\" decoding=\"async\" width=\"425\" height=\"320\" src=\"https:\/\/geodora-parfums.com\/wp-content\/uploads\/2021\/08\/cave-a-parfum.jpg\" class=\"attachment-full size-full\" alt=\"\" srcset=\"https:\/\/geodora-parfums.com\/wp-content\/uploads\/2021\/08\/cave-a-parfum.jpg 425w, https:\/\/geodora-parfums.com\/wp-content\/uploads\/2021\/08\/cave-a-parfum-300x226.jpg 300w\" sizes=\"(max-width: 425px) 100vw, 425px\" \/>                                                                                                    <p>Once weighed, our perfume concentrates mature for several weeks in their container, at a controlled temperature. They are then macerated in organic vegetable alcohol for 6 to 8 weeks in high capacity aluminum eco-capsules.<br \/>\nDuring this period of nearly 3 months, the combination of essences takes its full measure and our perfumes improve.<\/p>\n                                                            <\/div>\n                                                    <div class=\"multi-block\">\n                                                                    <h3>The best ingredients<\/h3>\n                                                                                                    <img loading=\"lazy\" decoding=\"async\" width=\"425\" height=\"320\" src=\"https:\/\/geodora-parfums.com\/wp-content\/uploads\/2021\/08\/4-mode-operatoir-respectueux.jpg\" class=\"attachment-full size-full\" alt=\"laboratoire - mode operatoir respectueux\" srcset=\"https:\/\/geodora-parfums.com\/wp-content\/uploads\/2021\/08\/4-mode-operatoir-respectueux.jpg 425w, https:\/\/geodora-parfums.com\/wp-content\/uploads\/2021\/08\/4-mode-operatoir-respectueux-300x226.jpg 300w\" sizes=\"(max-width: 425px) 100vw, 425px\" \/>                                                                                                    <p>We have chosen a unique format, the eau de parfum. Our EDPs contain a high percentage of natural essences and, thanks to our aluminum packaging, contain no other ingredients than our perfume oils and organic vegetable alcohol.<\/p>\n                                                            <\/div>\n                                                                                                <div class=\"multi-block\">\n                                                                    <h3>Environmentally friendly packaging and accessories<\/h3>\n                                                                                                    <img loading=\"lazy\" decoding=\"async\" width=\"425\" height=\"320\" src=\"https:\/\/geodora-parfums.com\/wp-content\/uploads\/2021\/08\/6-conditionnements-et-accessoires-respectueux-de-lenvironnement-.jpg\" class=\"attachment-full size-full\" alt=\"Totebag-conditionnements et accessoires respectueux de l\u2019environnement\" srcset=\"https:\/\/geodora-parfums.com\/wp-content\/uploads\/2021\/08\/6-conditionnements-et-accessoires-respectueux-de-lenvironnement-.jpg 425w, https:\/\/geodora-parfums.com\/wp-content\/uploads\/2021\/08\/6-conditionnements-et-accessoires-respectueux-de-lenvironnement--300x226.jpg 300w\" sizes=\"(max-width: 425px) 100vw, 425px\" \/>                                                                                                    <p>Beyond our refillable and repackable aluminum bottles, our mission to do good has guided all our choices. From our organic cotton pouches and tote bags, made by a leading French company in ethical textiles, to our soap labels made of seeded paper which, once planted, allow wild flowers to grow, to our prints made by one of the first Imprim&#8217;vert label printers on recycled paper with vegetable-based inks, we want toto create beauty and do good.<\/p>\n                                                            <\/div>\n                                                    <div class=\"multi-block\">\n                                                                    <h3>Acting for just causes<\/h3>\n                                                                                                    <img loading=\"lazy\" decoding=\"async\" width=\"425\" height=\"320\" src=\"https:\/\/geodora-parfums.com\/wp-content\/uploads\/2021\/08\/7-Agir-pour-de-justes-causes-.jpg\" class=\"attachment-full size-full\" alt=\"Abeilles et fleurs - Agir pour de justes causes\" srcset=\"https:\/\/geodora-parfums.com\/wp-content\/uploads\/2021\/08\/7-Agir-pour-de-justes-causes-.jpg 425w, https:\/\/geodora-parfums.com\/wp-content\/uploads\/2021\/08\/7-Agir-pour-de-justes-causes--300x226.jpg 300w\" sizes=\"(max-width: 425px) 100vw, 425px\" \/>                                                                                                    <p>Since the conception of the brand, it was important to us to participate at our level to just causes and it is quite naturally that we chose to join the 1% For the Planet which contributes, thanks to hundreds of associations, to the defense of the environment, by acting for the climate, the preservation of natural spaces, for a healthy food, or to fight against pollution and the respect of the wild life.<br \/>\n<!-- wp:acf\/multi-blocks {\"id\":\"block_611e34b64f73b\",\"name\":\"acf\/multi-blocks\",\"data\":{\"field_611e416934741\":\"Une seconde exigence : faire du bien\",\"field_611e417434742\":{\"row-0\":{\"field_611e41a834743\":{\"row-0\":{\"field_611e41dc34744\":\"Un emballage Haute Performances\",\"field_611e41eb34745\":\"Le souci de la pre\u0301servation de nos parfums, et l\u2019exigence de faire face \u00e0 notre e\u0301co-responsabilite\u0301 nous ont naturellement fait choisir un contenant que nous utilisons depuis toujours dans les usines de parfumerie : L'aluminium. \\r\\nL\u00e9ger, incassable et opaque il nous permet de n\u2019utiliser qu\u2019un minimum d\u2019emballage, il est rechargeable et m\u00eame reconditionnable, et nous permet de ne pas mettre d\u2019ingr\u00e9dients superflus tels que des colorants ou des filtres anti UV. Il est ainsi le conditionnement permettant d\u2019offrir les meilleures performances qualitatives et \u00e9coresponsables.\",\"field_611e41f634746\":\"457\"},\"611e425a6fd81\":{\"field_611e41dc34744\":\"Un mode op\u00e9ratoire respectueux\",\"field_611e41eb34745\":\"Nos concentr\u00e9s de parfums une fois pes\u00e9s, maturent plusieurs semaines dans leur contenant, \u00e0 temp\u00e9rature contr\u00f4l\u00e9e. Ils sont ensuite mis en mac\u00e9ration dans l\u2019alcool v\u00e9g\u00e9tal bio durant 6 \u00e0 8 semaines dans des e\u0301co capsules en aluminium de forte contenance.\\r\\nDurant cette p\u00e9riode de pr\u00e8s de 3 mois la combinaison des essences prend toute sa mesure et nos parfums se bonifient. \",\"field_611e41f634746\":\"457\"},\"611e425c6fd82\":{\"field_611e41dc34744\":\"Une formulation contr\u00f4l\u00e9e\",\"field_611e41eb34745\":\"Nous avons fait le choix d\u2019un format unique, l\u2019eau de parfum, \u00e0 une concentration \u00e9lev\u00e9e et identique pour toutes nos cr\u00e9ations. Nos EDP contiennent un pourcentage \u00e9lev\u00e9 d\u2019essences naturelles et ne contiennent, gr\u00e2ce \u00e0 nos emballages aluminium, aucun autre ingr\u00e9dient que nos concentr\u00e9s parfums et de l'alcool ve\u0301ge\u0301tal bio. \",\"field_611e41f634746\":\"457\"}}},\"611e429b6fd83\":{\"field_611e41a834743\":{\"611e429c6fd84\":{\"field_611e41dc34744\":\"Des conditionnements et accessoires respectueux de l\u2019environnement \",\"field_611e41eb34745\":\"Au-del\u00e0 de nos flacons en aluminium, rechargeables et reconditionnables, notre mission de faire du bien a guid\u00e9 tous nos choix. Des pochons et Tote bag en coton bio, r\u00e9alis\u00e9s par une entreprise leader en France en mati\u00e8re de textile \u00e9thique, en passant par nos \u00e9tiquettes pour savons en papier ensemenc\u00e9 qui une fois mis en terre permettent de faire pousser des fleurs, jusqu\u2019\u00e0 nos impressions r\u00e9alis\u00e9es par l\u2019une des premi\u00e8res imprimerie lab\u00e9lis\u00e9e Imprim\u2019vert sur papier recycl\u00e9s avec des encres \u00e0 base v\u00e9g\u00e9tale, nous voulons t\u00e9moigner qu\u2019il est possible de cr\u00e9er du beau et de faire du bien.\",\"field_611e41f634746\":\"457\"},\"611e42a56fd85\":{\"field_611e41dc34744\":\"Agir pour de justes causes \",\"field_611e41eb34745\":\"\",\"field_611e41f634746\":\"\"}}}}},\"align\":\"\",\"mode\":\"edit\"} \/--><\/p>\n                                                            <\/div>\n                                                    <div class=\"multi-block\">\n                                                                    <h3>Promoting Made in France<\/h3>\n                                                                                                    <img loading=\"lazy\" decoding=\"async\" width=\"425\" height=\"320\" src=\"https:\/\/geodora-parfums.com\/wp-content\/uploads\/2021\/08\/8-Promouvoir-le-Made-in-France.jpg\" class=\"attachment-full size-full\" alt=\"Photo des bergeries - Promouvoir le Made in France\" srcset=\"https:\/\/geodora-parfums.com\/wp-content\/uploads\/2021\/08\/8-Promouvoir-le-Made-in-France.jpg 425w, https:\/\/geodora-parfums.com\/wp-content\/uploads\/2021\/08\/8-Promouvoir-le-Made-in-France-300x226.jpg 300w\" sizes=\"(max-width: 425px) 100vw, 425px\" \/>                                                                                                    <p>In a field where French know-how is no longer to be proven, we are proud to have found first class French partners who, each in their own field, share our requirements of quality, authenticity and ethics.<\/p>\n                                                            <\/div>\n                                                            <\/div>\n            <\/div>\n        <\/div>\n\n    <\/div>\n<\/div>\n","protected":false},"excerpt":{"rendered":"","protected":false},"author":3,"featured_media":0,"parent":0,"menu_order":0,"comment_status":"closed","ping_status":"closed","template":"","meta":{"_acf_changed":false,"footnotes":""},"class_list":["post-2443","page","type-page","status-publish","hentry"],"acf":[],"yoast_head":"<!-- This site is optimized with the Yoast SEO plugin v27.4 - https:\/\/yoast.com\/product\/yoast-seo-wordpress\/ -->\n<title>Our history - Geodora<\/title>\n<meta name=\"robots\" content=\"index, follow, max-snippet:-1, max-image-preview:large, max-video-preview:-1\" \/>\n<link rel=\"canonical\" href=\"https:\/\/geodora-parfums.com\/en\/our-history\/\" \/>\n<meta property=\"og:locale\" content=\"en_US\" \/>\n<meta property=\"og:type\" content=\"article\" \/>\n<meta property=\"og:title\" content=\"Our history - Geodora\" \/>\n<meta property=\"og:url\" content=\"https:\/\/geodora-parfums.com\/en\/our-history\/\" \/>\n<meta property=\"og:site_name\" content=\"Geodora\" \/>\n<meta property=\"article:modified_time\" content=\"2022-04-12T16:23:58+00:00\" \/>\n<meta name=\"twitter:card\" content=\"summary_large_image\" \/>\n<script type=\"application\/ld+json\" class=\"yoast-schema-graph\">{\"@context\":\"https:\\\/\\\/schema.org\",\"@graph\":[{\"@type\":\"WebPage\",\"@id\":\"https:\\\/\\\/geodora-parfums.com\\\/en\\\/our-history\\\/\",\"url\":\"https:\\\/\\\/geodora-parfums.com\\\/en\\\/our-history\\\/\",\"name\":\"Our history - Geodora\",\"isPartOf\":{\"@id\":\"https:\\\/\\\/geodora-parfums.com\\\/en\\\/#website\"},\"datePublished\":\"2022-04-12T16:23:57+00:00\",\"dateModified\":\"2022-04-12T16:23:58+00:00\",\"breadcrumb\":{\"@id\":\"https:\\\/\\\/geodora-parfums.com\\\/en\\\/our-history\\\/#breadcrumb\"},\"inLanguage\":\"en-US\",\"potentialAction\":[{\"@type\":\"ReadAction\",\"target\":[\"https:\\\/\\\/geodora-parfums.com\\\/en\\\/our-history\\\/\"]}]},{\"@type\":\"BreadcrumbList\",\"@id\":\"https:\\\/\\\/geodora-parfums.com\\\/en\\\/our-history\\\/#breadcrumb\",\"itemListElement\":[{\"@type\":\"ListItem\",\"position\":1,\"name\":\"Accueil\",\"item\":\"https:\\\/\\\/geodora-parfums.com\\\/en\\\/\"},{\"@type\":\"ListItem\",\"position\":2,\"name\":\"Our history\"}]},{\"@type\":\"WebSite\",\"@id\":\"https:\\\/\\\/geodora-parfums.com\\\/en\\\/#website\",\"url\":\"https:\\\/\\\/geodora-parfums.com\\\/en\\\/\",\"name\":\"Geodora\",\"description\":\"Parfumeur en provence\",\"publisher\":{\"@id\":\"https:\\\/\\\/geodora-parfums.com\\\/en\\\/#organization\"},\"potentialAction\":[{\"@type\":\"SearchAction\",\"target\":{\"@type\":\"EntryPoint\",\"urlTemplate\":\"https:\\\/\\\/geodora-parfums.com\\\/en\\\/?s={search_term_string}\"},\"query-input\":{\"@type\":\"PropertyValueSpecification\",\"valueRequired\":true,\"valueName\":\"search_term_string\"}}],\"inLanguage\":\"en-US\"},{\"@type\":\"Organization\",\"@id\":\"https:\\\/\\\/geodora-parfums.com\\\/en\\\/#organization\",\"name\":\"GEODORA Parfums\",\"url\":\"https:\\\/\\\/geodora-parfums.com\\\/en\\\/\",\"logo\":{\"@type\":\"ImageObject\",\"inLanguage\":\"en-US\",\"@id\":\"https:\\\/\\\/geodora-parfums.com\\\/en\\\/#\\\/schema\\\/logo\\\/image\\\/\",\"url\":\"https:\\\/\\\/geodora-parfums.com\\\/wp-content\\\/uploads\\\/2021\\\/09\\\/logo.png\",\"contentUrl\":\"https:\\\/\\\/geodora-parfums.com\\\/wp-content\\\/uploads\\\/2021\\\/09\\\/logo.png\",\"width\":1084,\"height\":1084,\"caption\":\"GEODORA Parfums\"},\"image\":{\"@id\":\"https:\\\/\\\/geodora-parfums.com\\\/en\\\/#\\\/schema\\\/logo\\\/image\\\/\"},\"sameAs\":[\"https:\\\/\\\/www.instagram.com\\\/geodoraparfums\\\/?hl=fr\",\"https:\\\/\\\/www.linkedin.com\\\/company\\\/geodora-parfums\\\/\"]}]}<\/script>\n<!-- \/ Yoast SEO plugin. -->","yoast_head_json":{"title":"Our history - Geodora","robots":{"index":"index","follow":"follow","max-snippet":"max-snippet:-1","max-image-preview":"max-image-preview:large","max-video-preview":"max-video-preview:-1"},"canonical":"https:\/\/geodora-parfums.com\/en\/our-history\/","og_locale":"en_US","og_type":"article","og_title":"Our history - Geodora","og_url":"https:\/\/geodora-parfums.com\/en\/our-history\/","og_site_name":"Geodora","article_modified_time":"2022-04-12T16:23:58+00:00","twitter_card":"summary_large_image","schema":{"@context":"https:\/\/schema.org","@graph":[{"@type":"WebPage","@id":"https:\/\/geodora-parfums.com\/en\/our-history\/","url":"https:\/\/geodora-parfums.com\/en\/our-history\/","name":"Our history - Geodora","isPartOf":{"@id":"https:\/\/geodora-parfums.com\/en\/#website"},"datePublished":"2022-04-12T16:23:57+00:00","dateModified":"2022-04-12T16:23:58+00:00","breadcrumb":{"@id":"https:\/\/geodora-parfums.com\/en\/our-history\/#breadcrumb"},"inLanguage":"en-US","potentialAction":[{"@type":"ReadAction","target":["https:\/\/geodora-parfums.com\/en\/our-history\/"]}]},{"@type":"BreadcrumbList","@id":"https:\/\/geodora-parfums.com\/en\/our-history\/#breadcrumb","itemListElement":[{"@type":"ListItem","position":1,"name":"Accueil","item":"https:\/\/geodora-parfums.com\/en\/"},{"@type":"ListItem","position":2,"name":"Our history"}]},{"@type":"WebSite","@id":"https:\/\/geodora-parfums.com\/en\/#website","url":"https:\/\/geodora-parfums.com\/en\/","name":"Geodora","description":"Parfumeur en provence","publisher":{"@id":"https:\/\/geodora-parfums.com\/en\/#organization"},"potentialAction":[{"@type":"SearchAction","target":{"@type":"EntryPoint","urlTemplate":"https:\/\/geodora-parfums.com\/en\/?s={search_term_string}"},"query-input":{"@type":"PropertyValueSpecification","valueRequired":true,"valueName":"search_term_string"}}],"inLanguage":"en-US"},{"@type":"Organization","@id":"https:\/\/geodora-parfums.com\/en\/#organization","name":"GEODORA Parfums","url":"https:\/\/geodora-parfums.com\/en\/","logo":{"@type":"ImageObject","inLanguage":"en-US","@id":"https:\/\/geodora-parfums.com\/en\/#\/schema\/logo\/image\/","url":"https:\/\/geodora-parfums.com\/wp-content\/uploads\/2021\/09\/logo.png","contentUrl":"https:\/\/geodora-parfums.com\/wp-content\/uploads\/2021\/09\/logo.png","width":1084,"height":1084,"caption":"GEODORA Parfums"},"image":{"@id":"https:\/\/geodora-parfums.com\/en\/#\/schema\/logo\/image\/"},"sameAs":["https:\/\/www.instagram.com\/geodoraparfums\/?hl=fr","https:\/\/www.linkedin.com\/company\/geodora-parfums\/"]}]}},"_links":{"self":[{"href":"https:\/\/geodora-parfums.com\/en\/wp-json\/wp\/v2\/pages\/2443","targetHints":{"allow":["GET"]}}],"collection":[{"href":"https:\/\/geodora-parfums.com\/en\/wp-json\/wp\/v2\/pages"}],"about":[{"href":"https:\/\/geodora-parfums.com\/en\/wp-json\/wp\/v2\/types\/page"}],"author":[{"embeddable":true,"href":"https:\/\/geodora-parfums.com\/en\/wp-json\/wp\/v2\/users\/3"}],"replies":[{"embeddable":true,"href":"https:\/\/geodora-parfums.com\/en\/wp-json\/wp\/v2\/comments?post=2443"}],"version-history":[{"count":10,"href":"https:\/\/geodora-parfums.com\/en\/wp-json\/wp\/v2\/pages\/2443\/revisions"}],"predecessor-version":[{"id":4040,"href":"https:\/\/geodora-parfums.com\/en\/wp-json\/wp\/v2\/pages\/2443\/revisions\/4040"}],"wp:attachment":[{"href":"https:\/\/geodora-parfums.com\/en\/wp-json\/wp\/v2\/media?parent=2443"}],"curies":[{"name":"wp","href":"https:\/\/api.w.org\/{rel}","templated":true}]}}