{"id":2439,"date":"2021-10-19T10:28:23","date_gmt":"2021-10-19T08:28:23","guid":{"rendered":"https:\/\/geodora-parfums.com\/?page_id=2439"},"modified":"2024-10-26T14:26:54","modified_gmt":"2024-10-26T12:26:54","slug":"retributive-ecology","status":"publish","type":"page","link":"https:\/\/geodora-parfums.com\/en\/retributive-ecology\/","title":{"rendered":"Retributive Ecology"},"content":{"rendered":"<div class=\"block geodora-texte-image transparent none \">\n    <div class=\"container\">\n                    <h2 class=\"d-block lg:d-none\">Une marque engag\u00e9e<\/h2>\n                <div class=\"grid grid-cols-0 md:grid-cols-12 lg:grid-cols-12 xl:grid-cols-12\">\n                            <div class=\"content-description md:col-start-7 md:col-end-13 lg:col-start-7 lg:col-end-13 xl:col-start-7 xl:col-end-13\">\n                                            <h2 class=\"d-none lg:d-block\">Une marque engag\u00e9e<\/h2>\n                                        <p>Nos engagements en actions :<\/p>\n<p>Des huiles essentielles \u00e9thiques,<\/p>\n<p>Des flacons rechargeables et reconditionnables,<\/p>\n<p>Tous nos produits sont con\u00e7us et fabriqu\u00e9s en France,<\/p>\n<p>Un engagement financier pour d\u00e9fendre de justes causes,<\/p>\n<p>Un minimum d&#8217;emballages, et toujours vertueux,<\/p>\n<p>Des circuits courts.<\/p>\n<p>&nbsp;<\/p>\n<p><strong>Des produits 100% Vegan ; non test\u00e9s sur les animaux ; aucun ingr\u00e9dient d&#8217;origine animale dans nos produits.<\/strong><\/p>\n                <\/div>\n                                        <div class=\"content-image md:col-start-1 md:col-end-7 lg:col-start-1 lg:col-end-7 xl:col-start-1 xl:col-end-7\"><img fetchpriority=\"high\" decoding=\"async\" width=\"735\" height=\"670\" src=\"https:\/\/geodora-parfums.com\/wp-content\/uploads\/2021\/08\/ecologie-retributive.jpg\" class=\"attachment-full size-full\" alt=\"\" srcset=\"https:\/\/geodora-parfums.com\/wp-content\/uploads\/2021\/08\/ecologie-retributive.jpg 735w, https:\/\/geodora-parfums.com\/wp-content\/uploads\/2021\/08\/ecologie-retributive-300x273.jpg 300w, https:\/\/geodora-parfums.com\/wp-content\/uploads\/2021\/08\/ecologie-retributive-600x547.jpg 600w\" sizes=\"(max-width: 735px) 100vw, 735px\" \/><\/div>\n                    <\/div>\n    <\/div>\n<\/div>\n\n\n<div class=\"block geodora-multi-blocks none\">\n    <div class=\"container\">\n\n                    <h2>engagements<\/h2>\n        \n        <div class=\"grid grid-cols-0 xl:grid-cols-12\">\n            <div class=\"xl:col-start-2 xl:col-end-12\">\n                <div class=\"grid grid-cols-0 md:grid-cols-2 lg:grid-cols-3 xl:grid-cols-3\">\n                                                                        <div class=\"multi-block\">\n                                                                    <h3>Membre de 1% pour la plan\u00e8te<\/h3>\n                                                                                                    <img decoding=\"async\" width=\"425\" height=\"320\" src=\"https:\/\/geodora-parfums.com\/wp-content\/uploads\/2021\/08\/Membre-de-1-pour-la-planete.jpg\" class=\"attachment-full size-full\" alt=\"Membre de 1% pour la plan\u00e8te\" srcset=\"https:\/\/geodora-parfums.com\/wp-content\/uploads\/2021\/08\/Membre-de-1-pour-la-planete.jpg 425w, https:\/\/geodora-parfums.com\/wp-content\/uploads\/2021\/08\/Membre-de-1-pour-la-planete-300x226.jpg 300w\" sizes=\"(max-width: 425px) 100vw, 425px\" \/>                                                                                                    <p>1% For the Planet a \u00e9t\u00e9 cr\u00e9\u00e9 pour v\u00e9rifier les dons au profit de l\u2019environnement, et amplifier leur impact. Les entreprises membres 1% for the Planet s\u2019engagent \u00e0 reverser 1% de leur chiffre d\u2019affaires \u00e0 des causes environnementales&#8221;. GEODORA propose, chaque ann\u00e9e, \u00e0 ses clients et partenaires de choisir parmi une pr\u00e9-s\u00e9lection d&#8217;associations qui agissent en faveur du climat, de l&#8217;alimentation durable, des espaces naturels et de la vie sauvage celles \u00e0 qui la marque versera 1% de son chiffre d&#8217;affaires.<\/p>\n                                                            <\/div>\n                                                    <div class=\"multi-block\">\n                                                                    <h3>Huiles essentielles \u00e9thiques<\/h3>\n                                                                                                    <img decoding=\"async\" width=\"425\" height=\"320\" src=\"https:\/\/geodora-parfums.com\/wp-content\/uploads\/2021\/08\/huiles-essentielles-ethiques.jpg\" class=\"attachment-full size-full\" alt=\"huiles essentielles \u00e9thiques\" srcset=\"https:\/\/geodora-parfums.com\/wp-content\/uploads\/2021\/08\/huiles-essentielles-ethiques.jpg 425w, https:\/\/geodora-parfums.com\/wp-content\/uploads\/2021\/08\/huiles-essentielles-ethiques-300x226.jpg 300w\" sizes=\"(max-width: 425px) 100vw, 425px\" \/>                                                                                                    <p>GEODORA s\u00e9lectionne de par le monde des huiles essentielles qui r\u00e9pondent \u00e0 deux crit\u00e8res : \u00eatre d&#8217;une qualit\u00e9 olfactive remarquable et repr\u00e9senter des opportunit\u00e9s \u00e9conomiques pour les populations locales tout en assurant la protection et la sauvegarde d\u2019environnements fragiles. Avec nos partenaires, nous travaillons avec l\u2019aide du monde associatif (C\u0153ur de For\u00eat, IRDNC, L\u2019Homme &amp; L\u2019Environnement) afin d&#8217;assurer la durabilit\u00e9 de nos fili\u00e8res ; la culture et le processus de distillation sont assur\u00e9s directement sur place par le producteur en collaboration avec les ONG.<\/p>\n                                                            <\/div>\n                                                    <div class=\"multi-block\">\n                                                                    <h3>Produits 100% vegan<\/h3>\n                                                                                                    <img loading=\"lazy\" decoding=\"async\" width=\"424\" height=\"320\" src=\"https:\/\/geodora-parfums.com\/wp-content\/uploads\/2021\/08\/produits-100-vegan.jpg\" class=\"attachment-full size-full\" alt=\"produits 100% vegan\" srcset=\"https:\/\/geodora-parfums.com\/wp-content\/uploads\/2021\/08\/produits-100-vegan.jpg 424w, https:\/\/geodora-parfums.com\/wp-content\/uploads\/2021\/08\/produits-100-vegan-300x226.jpg 300w\" sizes=\"(max-width: 424px) 100vw, 424px\" \/>                                                                                                    <p>Outre le fait de respecter la flore qui nous entoure, GEODORA s\u2019engage \u00e0 vous proposer des produits 100% Vegan pour pr\u00e9server \u00e9galement la faune qui participe \u00e0 la beaut\u00e9 de notre environnement.<\/p>\n                                                            <\/div>\n                                                            <\/div>\n            <\/div>\n        <\/div>\n\n    <\/div>\n<\/div>\n\n\n<div class=\"block geodora-texte-tip none\">\n    <div class=\"container\">\n        <div class=\"grid grid-cols-0 md:grid-cols-8 lg:grid-cols-8 xl:grid-cols-12\">\n            <div class=\"md:col-start-2 md:col-end-8 lg:col-start-2 lg:col-end-8 xl:col-start-3 xl:col-end-11\">\n                <div class=\"content-description\">\n                    <i class=\"icon icon-coeur-feuille\"><\/i>\n                    <p>Les emballages en aluminium sont recyclables, sans colle ni \u00e9tiquettes.<\/p>\n                <\/div>\n            <\/div>\n        <\/div>\n    <\/div>\n<\/div>\n\n\n","protected":false},"excerpt":{"rendered":"","protected":false},"author":1,"featured_media":0,"parent":0,"menu_order":0,"comment_status":"closed","ping_status":"closed","template":"","meta":{"_acf_changed":false,"footnotes":""},"class_list":["post-2439","page","type-page","status-publish","hentry"],"acf":[],"yoast_head":"<!-- This site is optimized with the Yoast SEO plugin v27.6 - https:\/\/yoast.com\/product\/yoast-seo-wordpress\/ -->\n<title>Parfum naturel et \u00e9cologie r\u00e9tributive - Geodora parfumeur \u00e9cologique<\/title>\n<meta name=\"description\" content=\"Geodora parfumeur \u00e9cologique propose des parfums naturels con\u00e7us dans une d\u00e9marche \u00e9thique et respectueuse de l&#039;environnement.\" \/>\n<meta name=\"robots\" content=\"index, follow, max-snippet:-1, max-image-preview:large, max-video-preview:-1\" \/>\n<link rel=\"canonical\" href=\"https:\/\/geodora-parfums.com\/en\/retributive-ecology\/\" \/>\n<meta property=\"og:locale\" content=\"en_US\" \/>\n<meta property=\"og:type\" content=\"article\" \/>\n<meta property=\"og:title\" content=\"Parfum naturel et \u00e9cologie r\u00e9tributive - Geodora parfumeur \u00e9cologique\" \/>\n<meta property=\"og:description\" content=\"Geodora parfumeur \u00e9cologique propose des parfums naturels con\u00e7us dans une d\u00e9marche \u00e9thique et respectueuse de l&#039;environnement.\" \/>\n<meta property=\"og:url\" content=\"https:\/\/geodora-parfums.com\/en\/retributive-ecology\/\" \/>\n<meta property=\"og:site_name\" content=\"Geodora\" \/>\n<meta property=\"article:modified_time\" content=\"2024-10-26T12:26:54+00:00\" \/>\n<meta name=\"twitter:card\" content=\"summary_large_image\" \/>\n<script type=\"application\/ld+json\" class=\"yoast-schema-graph\">{\"@context\":\"https:\\\/\\\/schema.org\",\"@graph\":[{\"@type\":\"WebPage\",\"@id\":\"https:\\\/\\\/geodora-parfums.com\\\/en\\\/retributive-ecology\\\/\",\"url\":\"https:\\\/\\\/geodora-parfums.com\\\/en\\\/retributive-ecology\\\/\",\"name\":\"Parfum naturel et \u00e9cologie r\u00e9tributive - Geodora parfumeur \u00e9cologique\",\"isPartOf\":{\"@id\":\"https:\\\/\\\/geodora-parfums.com\\\/en\\\/#website\"},\"datePublished\":\"2021-10-19T08:28:23+00:00\",\"dateModified\":\"2024-10-26T12:26:54+00:00\",\"description\":\"Geodora parfumeur \u00e9cologique propose des parfums naturels con\u00e7us dans une d\u00e9marche \u00e9thique et respectueuse de l'environnement.\",\"breadcrumb\":{\"@id\":\"https:\\\/\\\/geodora-parfums.com\\\/en\\\/retributive-ecology\\\/#breadcrumb\"},\"inLanguage\":\"en-US\",\"potentialAction\":[{\"@type\":\"ReadAction\",\"target\":[\"https:\\\/\\\/geodora-parfums.com\\\/en\\\/retributive-ecology\\\/\"]}]},{\"@type\":\"BreadcrumbList\",\"@id\":\"https:\\\/\\\/geodora-parfums.com\\\/en\\\/retributive-ecology\\\/#breadcrumb\",\"itemListElement\":[{\"@type\":\"ListItem\",\"position\":1,\"name\":\"Accueil\",\"item\":\"https:\\\/\\\/geodora-parfums.com\\\/en\\\/\"},{\"@type\":\"ListItem\",\"position\":2,\"name\":\"Retributive Ecology\"}]},{\"@type\":\"WebSite\",\"@id\":\"https:\\\/\\\/geodora-parfums.com\\\/en\\\/#website\",\"url\":\"https:\\\/\\\/geodora-parfums.com\\\/en\\\/\",\"name\":\"Geodora\",\"description\":\"Parfumeur en provence\",\"publisher\":{\"@id\":\"https:\\\/\\\/geodora-parfums.com\\\/en\\\/#organization\"},\"potentialAction\":[{\"@type\":\"SearchAction\",\"target\":{\"@type\":\"EntryPoint\",\"urlTemplate\":\"https:\\\/\\\/geodora-parfums.com\\\/en\\\/?s={search_term_string}\"},\"query-input\":{\"@type\":\"PropertyValueSpecification\",\"valueRequired\":true,\"valueName\":\"search_term_string\"}}],\"inLanguage\":\"en-US\"},{\"@type\":\"Organization\",\"@id\":\"https:\\\/\\\/geodora-parfums.com\\\/en\\\/#organization\",\"name\":\"GEODORA Parfums\",\"url\":\"https:\\\/\\\/geodora-parfums.com\\\/en\\\/\",\"logo\":{\"@type\":\"ImageObject\",\"inLanguage\":\"en-US\",\"@id\":\"https:\\\/\\\/geodora-parfums.com\\\/en\\\/#\\\/schema\\\/logo\\\/image\\\/\",\"url\":\"https:\\\/\\\/geodora-parfums.com\\\/wp-content\\\/uploads\\\/2021\\\/09\\\/logo.png\",\"contentUrl\":\"https:\\\/\\\/geodora-parfums.com\\\/wp-content\\\/uploads\\\/2021\\\/09\\\/logo.png\",\"width\":1084,\"height\":1084,\"caption\":\"GEODORA Parfums\"},\"image\":{\"@id\":\"https:\\\/\\\/geodora-parfums.com\\\/en\\\/#\\\/schema\\\/logo\\\/image\\\/\"},\"sameAs\":[\"https:\\\/\\\/www.instagram.com\\\/geodoraparfums\\\/?hl=fr\",\"https:\\\/\\\/www.linkedin.com\\\/company\\\/geodora-parfums\\\/\"]}]}<\/script>\n<!-- \/ Yoast SEO plugin. -->","yoast_head_json":{"title":"Parfum naturel et \u00e9cologie r\u00e9tributive - Geodora parfumeur \u00e9cologique","description":"Geodora parfumeur \u00e9cologique propose des parfums naturels con\u00e7us dans une d\u00e9marche \u00e9thique et respectueuse de l'environnement.","robots":{"index":"index","follow":"follow","max-snippet":"max-snippet:-1","max-image-preview":"max-image-preview:large","max-video-preview":"max-video-preview:-1"},"canonical":"https:\/\/geodora-parfums.com\/en\/retributive-ecology\/","og_locale":"en_US","og_type":"article","og_title":"Parfum naturel et \u00e9cologie r\u00e9tributive - Geodora parfumeur \u00e9cologique","og_description":"Geodora parfumeur \u00e9cologique propose des parfums naturels con\u00e7us dans une d\u00e9marche \u00e9thique et respectueuse de l'environnement.","og_url":"https:\/\/geodora-parfums.com\/en\/retributive-ecology\/","og_site_name":"Geodora","article_modified_time":"2024-10-26T12:26:54+00:00","twitter_card":"summary_large_image","schema":{"@context":"https:\/\/schema.org","@graph":[{"@type":"WebPage","@id":"https:\/\/geodora-parfums.com\/en\/retributive-ecology\/","url":"https:\/\/geodora-parfums.com\/en\/retributive-ecology\/","name":"Parfum naturel et \u00e9cologie r\u00e9tributive - Geodora parfumeur \u00e9cologique","isPartOf":{"@id":"https:\/\/geodora-parfums.com\/en\/#website"},"datePublished":"2021-10-19T08:28:23+00:00","dateModified":"2024-10-26T12:26:54+00:00","description":"Geodora parfumeur \u00e9cologique propose des parfums naturels con\u00e7us dans une d\u00e9marche \u00e9thique et respectueuse de l'environnement.","breadcrumb":{"@id":"https:\/\/geodora-parfums.com\/en\/retributive-ecology\/#breadcrumb"},"inLanguage":"en-US","potentialAction":[{"@type":"ReadAction","target":["https:\/\/geodora-parfums.com\/en\/retributive-ecology\/"]}]},{"@type":"BreadcrumbList","@id":"https:\/\/geodora-parfums.com\/en\/retributive-ecology\/#breadcrumb","itemListElement":[{"@type":"ListItem","position":1,"name":"Accueil","item":"https:\/\/geodora-parfums.com\/en\/"},{"@type":"ListItem","position":2,"name":"Retributive Ecology"}]},{"@type":"WebSite","@id":"https:\/\/geodora-parfums.com\/en\/#website","url":"https:\/\/geodora-parfums.com\/en\/","name":"Geodora","description":"Parfumeur en provence","publisher":{"@id":"https:\/\/geodora-parfums.com\/en\/#organization"},"potentialAction":[{"@type":"SearchAction","target":{"@type":"EntryPoint","urlTemplate":"https:\/\/geodora-parfums.com\/en\/?s={search_term_string}"},"query-input":{"@type":"PropertyValueSpecification","valueRequired":true,"valueName":"search_term_string"}}],"inLanguage":"en-US"},{"@type":"Organization","@id":"https:\/\/geodora-parfums.com\/en\/#organization","name":"GEODORA Parfums","url":"https:\/\/geodora-parfums.com\/en\/","logo":{"@type":"ImageObject","inLanguage":"en-US","@id":"https:\/\/geodora-parfums.com\/en\/#\/schema\/logo\/image\/","url":"https:\/\/geodora-parfums.com\/wp-content\/uploads\/2021\/09\/logo.png","contentUrl":"https:\/\/geodora-parfums.com\/wp-content\/uploads\/2021\/09\/logo.png","width":1084,"height":1084,"caption":"GEODORA Parfums"},"image":{"@id":"https:\/\/geodora-parfums.com\/en\/#\/schema\/logo\/image\/"},"sameAs":["https:\/\/www.instagram.com\/geodoraparfums\/?hl=fr","https:\/\/www.linkedin.com\/company\/geodora-parfums\/"]}]}},"_links":{"self":[{"href":"https:\/\/geodora-parfums.com\/en\/wp-json\/wp\/v2\/pages\/2439","targetHints":{"allow":["GET"]}}],"collection":[{"href":"https:\/\/geodora-parfums.com\/en\/wp-json\/wp\/v2\/pages"}],"about":[{"href":"https:\/\/geodora-parfums.com\/en\/wp-json\/wp\/v2\/types\/page"}],"author":[{"embeddable":true,"href":"https:\/\/geodora-parfums.com\/en\/wp-json\/wp\/v2\/users\/1"}],"replies":[{"embeddable":true,"href":"https:\/\/geodora-parfums.com\/en\/wp-json\/wp\/v2\/comments?post=2439"}],"version-history":[{"count":11,"href":"https:\/\/geodora-parfums.com\/en\/wp-json\/wp\/v2\/pages\/2439\/revisions"}],"predecessor-version":[{"id":9203,"href":"https:\/\/geodora-parfums.com\/en\/wp-json\/wp\/v2\/pages\/2439\/revisions\/9203"}],"wp:attachment":[{"href":"https:\/\/geodora-parfums.com\/en\/wp-json\/wp\/v2\/media?parent=2439"}],"curies":[{"name":"wp","href":"https:\/\/api.w.org\/{rel}","templated":true}]}}